{"id":85,"date":"2025-10-04T10:11:32","date_gmt":"2025-10-04T10:11:32","guid":{"rendered":"https:\/\/formationsd33.fr\/?page_id=85"},"modified":"2026-04-05T21:05:51","modified_gmt":"2026-04-05T21:05:51","slug":"professionnels-du-batiment","status":"publish","type":"page","link":"https:\/\/formationsd33.fr\/index.php\/pour-qui\/professionnels-du-batiment\/","title":{"rendered":"Professionnels du b\u00e2timent"},"content":{"rendered":"\t\t<div data-elementor-type=\"wp-page\" data-elementor-id=\"85\" class=\"elementor elementor-85\" data-elementor-post-type=\"page\">\n\t\t\t\t<div class=\"elementor-element elementor-element-23fea873 e-con-full e-flex e-con e-parent\" data-id=\"23fea873\" data-element_type=\"container\" data-settings=\"{&quot;background_background&quot;:&quot;classic&quot;}\">\n\t\t<div class=\"elementor-element elementor-element-50b6509b e-con-full e-flex e-con e-child\" data-id=\"50b6509b\" data-element_type=\"container\" data-settings=\"{&quot;background_background&quot;:&quot;classic&quot;}\">\n\t\t\t\t<div class=\"elementor-element elementor-element-619cf187 elementor-widget elementor-widget-image\" data-id=\"619cf187\" data-element_type=\"widget\" data-widget_type=\"image.default\">\n\t\t\t\t\t\t\t\t\t\t\t\t\t\t\t<img fetchpriority=\"high\" decoding=\"async\" width=\"800\" height=\"416\" src=\"https:\/\/formationsd33.fr\/wp-content\/uploads\/2025\/10\/Logo-formation-Sebastien-logo-scaled-2-1-1-2-1-1024x532.png\" class=\"attachment-large size-large wp-image-1763\" alt=\"logo Formation SD33\" srcset=\"https:\/\/formationsd33.fr\/wp-content\/uploads\/2025\/10\/Logo-formation-Sebastien-logo-scaled-2-1-1-2-1-1024x532.png 1024w, https:\/\/formationsd33.fr\/wp-content\/uploads\/2025\/10\/Logo-formation-Sebastien-logo-scaled-2-1-1-2-1-300x156.png 300w, https:\/\/formationsd33.fr\/wp-content\/uploads\/2025\/10\/Logo-formation-Sebastien-logo-scaled-2-1-1-2-1-768x399.png 768w, https:\/\/formationsd33.fr\/wp-content\/uploads\/2025\/10\/Logo-formation-Sebastien-logo-scaled-2-1-1-2-1-1536x799.png 1536w, https:\/\/formationsd33.fr\/wp-content\/uploads\/2025\/10\/Logo-formation-Sebastien-logo-scaled-2-1-1-2-1-2048x1065.png 2048w\" sizes=\"(max-width: 800px) 100vw, 800px\" \/>\t\t\t\t\t\t\t\t\t\t\t\t\t\t\t<\/div>\n\t\t\t\t<div class=\"elementor-element elementor-element-6e7e6477 elementor-widget elementor-widget-heading\" data-id=\"6e7e6477\" data-element_type=\"widget\" data-widget_type=\"heading.default\">\n\t\t\t\t\t<h1 class=\"elementor-heading-title elementor-size-default\">Professionnels <span class=\"word-orange\">du b\u00e2timent<\/span><\/h1>\t\t\t\t<\/div>\n\t\t\t\t<div class=\"elementor-element elementor-element-f95629b elementor-widget elementor-widget-text-editor\" data-id=\"f95629b\" data-element_type=\"widget\" data-widget_type=\"text-editor.default\">\n\t\t\t\t\t\t\t\t\t<p>Nos formations accompagnent les professionnels du b\u00e2timent qui souhaitent perfectionner leurs techniques, obtenir une certification ou \u00e9largir leurs comp\u00e9tences m\u00e9tiers.<\/p>\t\t\t\t\t\t\t\t<\/div>\n\t\t\t\t<div class=\"elementor-element elementor-element-4ef8a3b2 elementor-align-left elementor-mobile-align-center elementor-widget elementor-widget-button\" data-id=\"4ef8a3b2\" data-element_type=\"widget\" data-widget_type=\"button.default\">\n\t\t\t\t\t\t\t\t\t\t<a class=\"elementor-button elementor-button-link elementor-size-lg elementor-animation-grow\" href=\"tel:07%2044%2064%2034%2019\">\n\t\t\t\t\t\t<span class=\"elementor-button-content-wrapper\">\n\t\t\t\t\t\t\t\t\t<span class=\"elementor-button-text\">07 44 64 34 19<\/span>\n\t\t\t\t\t<\/span>\n\t\t\t\t\t<\/a>\n\t\t\t\t\t\t\t\t<\/div>\n\t\t\t\t<\/div>\n\t\t<div class=\"elementor-element elementor-element-5e655ce9 e-con-full e-flex e-con e-child\" data-id=\"5e655ce9\" data-element_type=\"container\" data-settings=\"{&quot;background_background&quot;:&quot;classic&quot;}\">\n\t\t\t\t<\/div>\n\t\t\t\t<\/div>\n\t\t<div class=\"elementor-element elementor-element-69c0af63 e-con-full e-flex e-con e-parent\" data-id=\"69c0af63\" data-element_type=\"container\" data-settings=\"{&quot;background_background&quot;:&quot;classic&quot;}\">\n\t\t<div class=\"elementor-element elementor-element-5688ba7 e-con-full e-flex e-con e-child\" data-id=\"5688ba7\" data-element_type=\"container\" data-settings=\"{&quot;background_background&quot;:&quot;classic&quot;}\">\n\t\t\t\t<\/div>\n\t\t<div class=\"elementor-element elementor-element-1493ab78 e-con-full e-flex e-con e-child\" data-id=\"1493ab78\" data-element_type=\"container\">\n\t\t\t\t<div class=\"elementor-element elementor-element-4ad89f31 elementor-widget elementor-widget-heading\" data-id=\"4ad89f31\" data-element_type=\"widget\" data-widget_type=\"heading.default\">\n\t\t\t\t\t<h2 class=\"elementor-heading-title elementor-size-default\">Professionnels<\/h2>\t\t\t\t<\/div>\n\t\t\t\t<div class=\"elementor-element elementor-element-6f30c613 elementor-widget elementor-widget-heading\" data-id=\"6f30c613\" data-element_type=\"widget\" data-widget_type=\"heading.default\">\n\t\t\t\t\t<h3 class=\"elementor-heading-title elementor-size-default\">Perfectionnez vos comp\u00e9tences et valorisez votre exp\u00e9rience gr\u00e2ce \u00e0 des formations con\u00e7ues pour les professionnels du b\u00e2timent..<\/h3>\t\t\t\t<\/div>\n\t\t\t\t<div class=\"elementor-element elementor-element-54aa7f8d elementor-widget elementor-widget-text-editor\" data-id=\"54aa7f8d\" data-element_type=\"widget\" data-widget_type=\"text-editor.default\">\n\t\t\t\t\t\t\t\t\t<p>Les formations de Formation SD33 s\u2019adressent aux professionnels du b\u00e2timent d\u00e9sireux de perfectionner leurs comp\u00e9tences, d\u2019\u00e9largir leur savoir-faire ou de valider leur exp\u00e9rience par une certification reconnue. Gr\u00e2ce \u00e0 une approche concr\u00e8te et ax\u00e9e sur la pratique, nos programmes permettent d\u2019approfondir les techniques actuelles tout en d\u00e9couvrant les nouvelles normes du secteur. Encadr\u00e9s par des formateurs artisans, les stagiaires b\u00e9n\u00e9ficient d\u2019un accompagnement personnalis\u00e9 pour progresser efficacement et renforcer leur expertise sur le terrain.<\/p>\t\t\t\t\t\t\t\t<\/div>\n\t\t\t\t<div class=\"elementor-element elementor-element-25879265 elementor-widget elementor-widget-image\" data-id=\"25879265\" data-element_type=\"widget\" data-widget_type=\"image.default\">\n\t\t\t\t\t\t\t\t\t\t\t\t\t\t\t<img decoding=\"async\" width=\"722\" height=\"418\" src=\"https:\/\/formationsd33.fr\/wp-content\/uploads\/2025\/10\/locaux-atelier-1.jpg\" class=\"attachment-large size-large wp-image-1667\" alt=\"locaux menuisier\" srcset=\"https:\/\/formationsd33.fr\/wp-content\/uploads\/2025\/10\/locaux-atelier-1.jpg 722w, https:\/\/formationsd33.fr\/wp-content\/uploads\/2025\/10\/locaux-atelier-1-300x174.jpg 300w\" sizes=\"(max-width: 722px) 100vw, 722px\" \/>\t\t\t\t\t\t\t\t\t\t\t\t\t\t\t<\/div>\n\t\t\t\t<\/div>\n\t\t\t\t<\/div>\n\t\t<div class=\"elementor-element elementor-element-b298e3 e-flex e-con-boxed e-con e-parent\" data-id=\"b298e3\" data-element_type=\"container\" data-settings=\"{&quot;background_background&quot;:&quot;classic&quot;}\">\n\t\t\t\t\t<div class=\"e-con-inner\">\n\t\t<div class=\"elementor-element elementor-element-656f08be e-con-full e-flex e-con e-child\" data-id=\"656f08be\" data-element_type=\"container\">\n\t\t<div class=\"elementor-element elementor-element-b7920ec e-con-full e-flex e-con e-child\" data-id=\"b7920ec\" data-element_type=\"container\">\n\t\t\t\t<div class=\"elementor-element elementor-element-594e3287 animated-slow elementor-invisible elementor-widget elementor-widget-heading\" data-id=\"594e3287\" data-element_type=\"widget\" data-settings=\"{&quot;_animation&quot;:&quot;slideInUp&quot;}\" data-widget_type=\"heading.default\">\n\t\t\t\t\t<h2 class=\"elementor-heading-title elementor-size-default\">Une p\u00e9dagogie sur mesure pour tous les profils<\/h2>\t\t\t\t<\/div>\n\t\t\t\t<div class=\"elementor-element elementor-element-3abbb9fe animated-slow elementor-invisible elementor-widget elementor-widget-heading\" data-id=\"3abbb9fe\" data-element_type=\"widget\" data-settings=\"{&quot;_animation&quot;:&quot;slideInUp&quot;}\" data-widget_type=\"heading.default\">\n\t\t\t\t\t<h2 class=\"elementor-heading-title elementor-size-default\">Des formations accessibles<br> aux pros mais pas que...<\/h2>\t\t\t\t<\/div>\n\t\t\t\t<\/div>\n\t\t<div class=\"elementor-element elementor-element-8b71997 e-con-full e-flex e-con e-child\" data-id=\"8b71997\" data-element_type=\"container\">\n\t\t\t\t<div class=\"elementor-element elementor-element-36a2cfdc elementor-align-left elementor-widget elementor-widget-button\" data-id=\"36a2cfdc\" data-element_type=\"widget\" data-widget_type=\"button.default\">\n\t\t\t\t\t\t\t\t\t\t<a class=\"elementor-button elementor-button-link elementor-size-lg elementor-animation-grow\" href=\"https:\/\/formationsd33.fr\/index.php\/contactez-nous\/\">\n\t\t\t\t\t\t<span class=\"elementor-button-content-wrapper\">\n\t\t\t\t\t\t<span class=\"elementor-button-icon\">\n\t\t\t\t<svg aria-hidden=\"true\" class=\"e-font-icon-svg e-fas-angle-right\" viewBox=\"0 0 256 512\" xmlns=\"http:\/\/www.w3.org\/2000\/svg\"><path d=\"M224.3 273l-136 136c-9.4 9.4-24.6 9.4-33.9 0l-22.6-22.6c-9.4-9.4-9.4-24.6 0-33.9l96.4-96.4-96.4-96.4c-9.4-9.4-9.4-24.6 0-33.9L54.3 103c9.4-9.4 24.6-9.4 33.9 0l136 136c9.5 9.4 9.5 24.6.1 34z\"><\/path><\/svg>\t\t\t<\/span>\n\t\t\t\t\t\t\t\t\t<span class=\"elementor-button-text\">Contactez-nous<\/span>\n\t\t\t\t\t<\/span>\n\t\t\t\t\t<\/a>\n\t\t\t\t\t\t\t\t<\/div>\n\t\t\t\t<\/div>\n\t\t\t\t<\/div>\n\t\t\t\t\t<\/div>\n\t\t\t\t<\/div>\n\t\t<div class=\"elementor-element elementor-element-752d58c2 e-flex e-con-boxed e-con e-parent\" data-id=\"752d58c2\" data-element_type=\"container\" data-settings=\"{&quot;background_background&quot;:&quot;classic&quot;}\">\n\t\t\t\t\t<div class=\"e-con-inner\">\n\t\t<div class=\"elementor-element elementor-element-3e3f1f07 e-con-full e-flex e-con e-child\" data-id=\"3e3f1f07\" data-element_type=\"container\">\n\t\t\t\t<div class=\"elementor-element elementor-element-106a6a4c elementor-cta--skin-cover elementor-cta--valign-bottom elementor-widget__width-inherit elementor-widget-tablet__width-initial elementor-widget-mobile__width-inherit elementor-animated-content elementor-bg-transform elementor-bg-transform-zoom-in elementor-widget elementor-widget-call-to-action\" data-id=\"106a6a4c\" data-element_type=\"widget\" data-widget_type=\"call-to-action.default\">\n\t\t\t\t\t\t\t<a class=\"elementor-cta\" href=\"https:\/\/formationsd33.fr\/index.php\/pour-qui\/salarie\/\">\n\t\t\t\t\t<div class=\"elementor-cta__bg-wrapper\">\n\t\t\t\t<div class=\"elementor-cta__bg elementor-bg\" style=\"background-image: url(https:\/\/formationsd33.fr\/wp-content\/uploads\/2025\/10\/salarie-1-1-748x1024.jpg);\" role=\"img\" aria-label=\"profils salari\u00e9s\"><\/div>\n\t\t\t\t<div class=\"elementor-cta__bg-overlay\"><\/div>\n\t\t\t<\/div>\n\t\t\t\t\t\t\t<div class=\"elementor-cta__content\">\n\t\t\t\t\n\t\t\t\t\t\t\t\t\t<h2 class=\"elementor-cta__title elementor-cta__content-item elementor-content-item elementor-animated-item--grow\">\n\t\t\t\t\t\tSalari\u00e9\t\t\t\t\t<\/h2>\n\t\t\t\t\n\t\t\t\t\n\t\t\t\t\t\t\t<\/div>\n\t\t\t\t\t\t<\/a>\n\t\t\t\t\t\t<\/div>\n\t\t\t\t<\/div>\n\t\t<div class=\"elementor-element elementor-element-3a0723b7 e-con-full e-flex e-con e-child\" data-id=\"3a0723b7\" data-element_type=\"container\">\n\t\t\t\t<div class=\"elementor-element elementor-element-18260580 elementor-cta--skin-cover elementor-cta--valign-bottom elementor-widget__width-inherit elementor-widget-tablet__width-initial elementor-widget-mobile__width-inherit elementor-animated-content elementor-bg-transform elementor-bg-transform-zoom-in elementor-widget elementor-widget-call-to-action\" data-id=\"18260580\" data-element_type=\"widget\" data-widget_type=\"call-to-action.default\">\n\t\t\t\t\t\t\t<a class=\"elementor-cta\" href=\"https:\/\/formationsd33.fr\/index.php\/pour-qui\/demandeurs-demploi\/\">\n\t\t\t\t\t<div class=\"elementor-cta__bg-wrapper\">\n\t\t\t\t<div class=\"elementor-cta__bg elementor-bg\" style=\"background-image: url(https:\/\/formationsd33.fr\/wp-content\/uploads\/2025\/10\/demandeur-demploi-1-1-748x1024.jpg);\" role=\"img\" aria-label=\"profil demandeur d&#039;emploi\"><\/div>\n\t\t\t\t<div class=\"elementor-cta__bg-overlay\"><\/div>\n\t\t\t<\/div>\n\t\t\t\t\t\t\t<div class=\"elementor-cta__content\">\n\t\t\t\t\n\t\t\t\t\t\t\t\t\t<h2 class=\"elementor-cta__title elementor-cta__content-item elementor-content-item elementor-animated-item--grow\">\n\t\t\t\t\t\tDemandeur d'emploi\t\t\t\t\t<\/h2>\n\t\t\t\t\n\t\t\t\t\n\t\t\t\t\t\t\t<\/div>\n\t\t\t\t\t\t<\/a>\n\t\t\t\t\t\t<\/div>\n\t\t\t\t<\/div>\n\t\t\t\t\t<\/div>\n\t\t\t\t<\/div>\n\t\t\t\t<\/div>\n\t\t","protected":false},"excerpt":{"rendered":"<p>Professionnels du b\u00e2timent Nos formations accompagnent les professionnels du b\u00e2timent qui souhaitent perfectionner leurs techniques, obtenir une certification ou \u00e9largir leurs comp\u00e9tences m\u00e9tiers. 07 44 64 34 19 Professionnels Perfectionnez vos comp\u00e9tences et valorisez votre exp\u00e9rience gr\u00e2ce \u00e0 des formations con\u00e7ues pour les professionnels du b\u00e2timent.. Les formations de Formation SD33 s\u2019adressent aux professionnels du [&hellip;]<\/p>\n","protected":false},"author":1,"featured_media":0,"parent":75,"menu_order":3,"comment_status":"closed","ping_status":"closed","template":"","meta":{"footnotes":""},"class_list":["post-85","page","type-page","status-publish","hentry"],"yoast_head":"<!-- This site is optimized with the Yoast SEO plugin v26.7 - https:\/\/yoast.com\/wordpress\/plugins\/seo\/ -->\n<title>Formations pour professionnels du b\u00e2timent | SD33 Bordeaux<\/title>\n<meta name=\"description\" content=\"Formation SD33 \u00e0 Bordeaux propose des formations certifiantes pour les professionnels du b\u00e2timent souhaitant perfectionner leurs comp\u00e9tences et valider leur expertise.\" \/>\n<meta name=\"robots\" content=\"index, follow, max-snippet:-1, max-image-preview:large, max-video-preview:-1\" \/>\n<link rel=\"canonical\" href=\"https:\/\/formationsd33.fr\/index.php\/pour-qui\/professionnels-du-batiment\/\" \/>\n<meta property=\"og:locale\" content=\"fr_FR\" \/>\n<meta property=\"og:type\" content=\"article\" \/>\n<meta property=\"og:title\" content=\"Formations pour professionnels du b\u00e2timent | SD33 Bordeaux\" \/>\n<meta property=\"og:description\" content=\"Formation SD33 \u00e0 Bordeaux propose des formations certifiantes pour les professionnels du b\u00e2timent souhaitant perfectionner leurs comp\u00e9tences et valider leur expertise.\" \/>\n<meta property=\"og:url\" content=\"https:\/\/formationsd33.fr\/index.php\/pour-qui\/professionnels-du-batiment\/\" \/>\n<meta property=\"og:site_name\" content=\"FormationSD33\" \/>\n<meta property=\"article:publisher\" content=\"https:\/\/www.instagram.com\/formationsd33\/\" \/>\n<meta property=\"article:modified_time\" content=\"2026-04-05T21:05:51+00:00\" \/>\n<meta property=\"og:image\" content=\"https:\/\/formationsd33.fr\/wp-content\/uploads\/2025\/10\/Logo-formation-Sebastien-logo-scaled-2-1-1-2-1-1024x532.png\" \/>\n<meta name=\"twitter:card\" content=\"summary_large_image\" \/>\n<meta name=\"twitter:label1\" content=\"Dur\u00e9e de lecture estim\u00e9e\" \/>\n\t<meta name=\"twitter:data1\" content=\"2 minutes\" \/>\n<script type=\"application\/ld+json\" class=\"yoast-schema-graph\">{\"@context\":\"https:\/\/schema.org\",\"@graph\":[{\"@type\":\"WebPage\",\"@id\":\"https:\/\/formationsd33.fr\/index.php\/pour-qui\/professionnels-du-batiment\/\",\"url\":\"https:\/\/formationsd33.fr\/index.php\/pour-qui\/professionnels-du-batiment\/\",\"name\":\"Formations pour professionnels du b\u00e2timent | SD33 Bordeaux\",\"isPartOf\":{\"@id\":\"https:\/\/formationsd33.fr\/#website\"},\"primaryImageOfPage\":{\"@id\":\"https:\/\/formationsd33.fr\/index.php\/pour-qui\/professionnels-du-batiment\/#primaryimage\"},\"image\":{\"@id\":\"https:\/\/formationsd33.fr\/index.php\/pour-qui\/professionnels-du-batiment\/#primaryimage\"},\"thumbnailUrl\":\"https:\/\/formationsd33.fr\/wp-content\/uploads\/2025\/10\/Logo-formation-Sebastien-logo-scaled-2-1-1-2-1-1024x532.png\",\"datePublished\":\"2025-10-04T10:11:32+00:00\",\"dateModified\":\"2026-04-05T21:05:51+00:00\",\"description\":\"Formation SD33 \u00e0 Bordeaux propose des formations certifiantes pour les professionnels du b\u00e2timent souhaitant perfectionner leurs comp\u00e9tences et valider leur expertise.\",\"breadcrumb\":{\"@id\":\"https:\/\/formationsd33.fr\/index.php\/pour-qui\/professionnels-du-batiment\/#breadcrumb\"},\"inLanguage\":\"fr-FR\",\"potentialAction\":[{\"@type\":\"ReadAction\",\"target\":[\"https:\/\/formationsd33.fr\/index.php\/pour-qui\/professionnels-du-batiment\/\"]}]},{\"@type\":\"ImageObject\",\"inLanguage\":\"fr-FR\",\"@id\":\"https:\/\/formationsd33.fr\/index.php\/pour-qui\/professionnels-du-batiment\/#primaryimage\",\"url\":\"https:\/\/formationsd33.fr\/wp-content\/uploads\/2025\/10\/Logo-formation-Sebastien-logo-scaled-2-1-1-2-1.png\",\"contentUrl\":\"https:\/\/formationsd33.fr\/wp-content\/uploads\/2025\/10\/Logo-formation-Sebastien-logo-scaled-2-1-1-2-1.png\",\"width\":2560,\"height\":1331,\"caption\":\"logo Formation SD33\"},{\"@type\":\"BreadcrumbList\",\"@id\":\"https:\/\/formationsd33.fr\/index.php\/pour-qui\/professionnels-du-batiment\/#breadcrumb\",\"itemListElement\":[{\"@type\":\"ListItem\",\"position\":1,\"name\":\"Accueil\",\"item\":\"https:\/\/formationsd33.fr\/\"},{\"@type\":\"ListItem\",\"position\":2,\"name\":\"Pour qui?\",\"item\":\"https:\/\/formationsd33.fr\/index.php\/pour-qui\/\"},{\"@type\":\"ListItem\",\"position\":3,\"name\":\"Professionnels du b\u00e2timent\"}]},{\"@type\":\"WebSite\",\"@id\":\"https:\/\/formationsd33.fr\/#website\",\"url\":\"https:\/\/formationsd33.fr\/\",\"name\":\"FormationSD33\",\"description\":\"\",\"publisher\":{\"@id\":\"https:\/\/formationsd33.fr\/#organization\"},\"potentialAction\":[{\"@type\":\"SearchAction\",\"target\":{\"@type\":\"EntryPoint\",\"urlTemplate\":\"https:\/\/formationsd33.fr\/?s={search_term_string}\"},\"query-input\":{\"@type\":\"PropertyValueSpecification\",\"valueRequired\":true,\"valueName\":\"search_term_string\"}}],\"inLanguage\":\"fr-FR\"},{\"@type\":\"Organization\",\"@id\":\"https:\/\/formationsd33.fr\/#organization\",\"name\":\"FormationSD33\",\"url\":\"https:\/\/formationsd33.fr\/\",\"logo\":{\"@type\":\"ImageObject\",\"inLanguage\":\"fr-FR\",\"@id\":\"https:\/\/formationsd33.fr\/#\/schema\/logo\/image\/\",\"url\":\"https:\/\/formationsd33.fr\/wp-content\/uploads\/2025\/10\/Logo-formation-SD33.png\",\"contentUrl\":\"https:\/\/formationsd33.fr\/wp-content\/uploads\/2025\/10\/Logo-formation-SD33.png\",\"width\":1500,\"height\":780,\"caption\":\"FormationSD33\"},\"image\":{\"@id\":\"https:\/\/formationsd33.fr\/#\/schema\/logo\/image\/\"},\"sameAs\":[\"https:\/\/www.instagram.com\/formationsd33\/\"]}]}<\/script>\n<!-- \/ Yoast SEO plugin. -->","yoast_head_json":{"title":"Formations pour professionnels du b\u00e2timent | SD33 Bordeaux","description":"Formation SD33 \u00e0 Bordeaux propose des formations certifiantes pour les professionnels du b\u00e2timent souhaitant perfectionner leurs comp\u00e9tences et valider leur expertise.","robots":{"index":"index","follow":"follow","max-snippet":"max-snippet:-1","max-image-preview":"max-image-preview:large","max-video-preview":"max-video-preview:-1"},"canonical":"https:\/\/formationsd33.fr\/index.php\/pour-qui\/professionnels-du-batiment\/","og_locale":"fr_FR","og_type":"article","og_title":"Formations pour professionnels du b\u00e2timent | SD33 Bordeaux","og_description":"Formation SD33 \u00e0 Bordeaux propose des formations certifiantes pour les professionnels du b\u00e2timent souhaitant perfectionner leurs comp\u00e9tences et valider leur expertise.","og_url":"https:\/\/formationsd33.fr\/index.php\/pour-qui\/professionnels-du-batiment\/","og_site_name":"FormationSD33","article_publisher":"https:\/\/www.instagram.com\/formationsd33\/","article_modified_time":"2026-04-05T21:05:51+00:00","og_image":[{"url":"https:\/\/formationsd33.fr\/wp-content\/uploads\/2025\/10\/Logo-formation-Sebastien-logo-scaled-2-1-1-2-1-1024x532.png","type":"","width":"","height":""}],"twitter_card":"summary_large_image","twitter_misc":{"Dur\u00e9e de lecture estim\u00e9e":"2 minutes"},"schema":{"@context":"https:\/\/schema.org","@graph":[{"@type":"WebPage","@id":"https:\/\/formationsd33.fr\/index.php\/pour-qui\/professionnels-du-batiment\/","url":"https:\/\/formationsd33.fr\/index.php\/pour-qui\/professionnels-du-batiment\/","name":"Formations pour professionnels du b\u00e2timent | SD33 Bordeaux","isPartOf":{"@id":"https:\/\/formationsd33.fr\/#website"},"primaryImageOfPage":{"@id":"https:\/\/formationsd33.fr\/index.php\/pour-qui\/professionnels-du-batiment\/#primaryimage"},"image":{"@id":"https:\/\/formationsd33.fr\/index.php\/pour-qui\/professionnels-du-batiment\/#primaryimage"},"thumbnailUrl":"https:\/\/formationsd33.fr\/wp-content\/uploads\/2025\/10\/Logo-formation-Sebastien-logo-scaled-2-1-1-2-1-1024x532.png","datePublished":"2025-10-04T10:11:32+00:00","dateModified":"2026-04-05T21:05:51+00:00","description":"Formation SD33 \u00e0 Bordeaux propose des formations certifiantes pour les professionnels du b\u00e2timent souhaitant perfectionner leurs comp\u00e9tences et valider leur expertise.","breadcrumb":{"@id":"https:\/\/formationsd33.fr\/index.php\/pour-qui\/professionnels-du-batiment\/#breadcrumb"},"inLanguage":"fr-FR","potentialAction":[{"@type":"ReadAction","target":["https:\/\/formationsd33.fr\/index.php\/pour-qui\/professionnels-du-batiment\/"]}]},{"@type":"ImageObject","inLanguage":"fr-FR","@id":"https:\/\/formationsd33.fr\/index.php\/pour-qui\/professionnels-du-batiment\/#primaryimage","url":"https:\/\/formationsd33.fr\/wp-content\/uploads\/2025\/10\/Logo-formation-Sebastien-logo-scaled-2-1-1-2-1.png","contentUrl":"https:\/\/formationsd33.fr\/wp-content\/uploads\/2025\/10\/Logo-formation-Sebastien-logo-scaled-2-1-1-2-1.png","width":2560,"height":1331,"caption":"logo Formation SD33"},{"@type":"BreadcrumbList","@id":"https:\/\/formationsd33.fr\/index.php\/pour-qui\/professionnels-du-batiment\/#breadcrumb","itemListElement":[{"@type":"ListItem","position":1,"name":"Accueil","item":"https:\/\/formationsd33.fr\/"},{"@type":"ListItem","position":2,"name":"Pour qui?","item":"https:\/\/formationsd33.fr\/index.php\/pour-qui\/"},{"@type":"ListItem","position":3,"name":"Professionnels du b\u00e2timent"}]},{"@type":"WebSite","@id":"https:\/\/formationsd33.fr\/#website","url":"https:\/\/formationsd33.fr\/","name":"FormationSD33","description":"","publisher":{"@id":"https:\/\/formationsd33.fr\/#organization"},"potentialAction":[{"@type":"SearchAction","target":{"@type":"EntryPoint","urlTemplate":"https:\/\/formationsd33.fr\/?s={search_term_string}"},"query-input":{"@type":"PropertyValueSpecification","valueRequired":true,"valueName":"search_term_string"}}],"inLanguage":"fr-FR"},{"@type":"Organization","@id":"https:\/\/formationsd33.fr\/#organization","name":"FormationSD33","url":"https:\/\/formationsd33.fr\/","logo":{"@type":"ImageObject","inLanguage":"fr-FR","@id":"https:\/\/formationsd33.fr\/#\/schema\/logo\/image\/","url":"https:\/\/formationsd33.fr\/wp-content\/uploads\/2025\/10\/Logo-formation-SD33.png","contentUrl":"https:\/\/formationsd33.fr\/wp-content\/uploads\/2025\/10\/Logo-formation-SD33.png","width":1500,"height":780,"caption":"FormationSD33"},"image":{"@id":"https:\/\/formationsd33.fr\/#\/schema\/logo\/image\/"},"sameAs":["https:\/\/www.instagram.com\/formationsd33\/"]}]}},"_links":{"self":[{"href":"https:\/\/formationsd33.fr\/index.php\/wp-json\/wp\/v2\/pages\/85","targetHints":{"allow":["GET"]}}],"collection":[{"href":"https:\/\/formationsd33.fr\/index.php\/wp-json\/wp\/v2\/pages"}],"about":[{"href":"https:\/\/formationsd33.fr\/index.php\/wp-json\/wp\/v2\/types\/page"}],"author":[{"embeddable":true,"href":"https:\/\/formationsd33.fr\/index.php\/wp-json\/wp\/v2\/users\/1"}],"replies":[{"embeddable":true,"href":"https:\/\/formationsd33.fr\/index.php\/wp-json\/wp\/v2\/comments?post=85"}],"version-history":[{"count":25,"href":"https:\/\/formationsd33.fr\/index.php\/wp-json\/wp\/v2\/pages\/85\/revisions"}],"predecessor-version":[{"id":2587,"href":"https:\/\/formationsd33.fr\/index.php\/wp-json\/wp\/v2\/pages\/85\/revisions\/2587"}],"up":[{"embeddable":true,"href":"https:\/\/formationsd33.fr\/index.php\/wp-json\/wp\/v2\/pages\/75"}],"wp:attachment":[{"href":"https:\/\/formationsd33.fr\/index.php\/wp-json\/wp\/v2\/media?parent=85"}],"curies":[{"name":"wp","href":"https:\/\/api.w.org\/{rel}","templated":true}]}}