{"id":82,"date":"2025-10-04T10:11:08","date_gmt":"2025-10-04T10:11:08","guid":{"rendered":"https:\/\/formationsd33.fr\/?page_id=82"},"modified":"2026-04-05T21:04:56","modified_gmt":"2026-04-05T21:04:56","slug":"demandeurs-demploi","status":"publish","type":"page","link":"https:\/\/formationsd33.fr\/index.php\/pour-qui\/demandeurs-demploi\/","title":{"rendered":"Demandeurs d&#8217;emploi"},"content":{"rendered":"\t\t<div data-elementor-type=\"wp-page\" data-elementor-id=\"82\" class=\"elementor elementor-82\" data-elementor-post-type=\"page\">\n\t\t\t\t<div class=\"elementor-element elementor-element-36f61972 e-con-full e-flex e-con e-parent\" data-id=\"36f61972\" data-element_type=\"container\" data-settings=\"{&quot;background_background&quot;:&quot;classic&quot;}\">\n\t\t<div class=\"elementor-element elementor-element-4e39217 e-con-full e-flex e-con e-child\" data-id=\"4e39217\" data-element_type=\"container\" data-settings=\"{&quot;background_background&quot;:&quot;classic&quot;}\">\n\t\t\t\t<div class=\"elementor-element elementor-element-55d9dabf elementor-widget elementor-widget-image\" data-id=\"55d9dabf\" data-element_type=\"widget\" data-widget_type=\"image.default\">\n\t\t\t\t\t\t\t\t\t\t\t\t\t\t\t<img fetchpriority=\"high\" decoding=\"async\" width=\"800\" height=\"416\" src=\"https:\/\/formationsd33.fr\/wp-content\/uploads\/2025\/10\/Logo-formation-Sebastien-logo-scaled-2-1-1-2-1-1024x532.png\" class=\"attachment-large size-large wp-image-1763\" alt=\"logo Formation SD33\" srcset=\"https:\/\/formationsd33.fr\/wp-content\/uploads\/2025\/10\/Logo-formation-Sebastien-logo-scaled-2-1-1-2-1-1024x532.png 1024w, https:\/\/formationsd33.fr\/wp-content\/uploads\/2025\/10\/Logo-formation-Sebastien-logo-scaled-2-1-1-2-1-300x156.png 300w, https:\/\/formationsd33.fr\/wp-content\/uploads\/2025\/10\/Logo-formation-Sebastien-logo-scaled-2-1-1-2-1-768x399.png 768w, https:\/\/formationsd33.fr\/wp-content\/uploads\/2025\/10\/Logo-formation-Sebastien-logo-scaled-2-1-1-2-1-1536x799.png 1536w, https:\/\/formationsd33.fr\/wp-content\/uploads\/2025\/10\/Logo-formation-Sebastien-logo-scaled-2-1-1-2-1-2048x1065.png 2048w\" sizes=\"(max-width: 800px) 100vw, 800px\" \/>\t\t\t\t\t\t\t\t\t\t\t\t\t\t\t<\/div>\n\t\t\t\t<div class=\"elementor-element elementor-element-17c2fa60 elementor-widget elementor-widget-heading\" data-id=\"17c2fa60\" data-element_type=\"widget\" data-widget_type=\"heading.default\">\n\t\t\t\t\t<h1 class=\"elementor-heading-title elementor-size-default\">Demandeurs <span class=\"word-orange\">d'emploi<\/span><\/h1>\t\t\t\t<\/div>\n\t\t\t\t<div class=\"elementor-element elementor-element-1c728fa5 elementor-widget elementor-widget-text-editor\" data-id=\"1c728fa5\" data-element_type=\"widget\" data-widget_type=\"text-editor.default\">\n\t\t\t\t\t\t\t\t\t<p>Nos formations s\u2019adressent \u00e9galement aux demandeurs d\u2019emploi souhaitant acqu\u00e9rir de nouvelles comp\u00e9tences, se reconvertir dans le b\u00e2timent ou renforcer leur employabilit\u00e9 rapidement.<\/p>\t\t\t\t\t\t\t\t<\/div>\n\t\t\t\t<div class=\"elementor-element elementor-element-2e8b51ae elementor-align-left elementor-mobile-align-center elementor-widget elementor-widget-button\" data-id=\"2e8b51ae\" data-element_type=\"widget\" data-widget_type=\"button.default\">\n\t\t\t\t\t\t\t\t\t\t<a class=\"elementor-button elementor-button-link elementor-size-lg elementor-animation-grow\" href=\"tel:07%2044%2064%2034%2019\">\n\t\t\t\t\t\t<span class=\"elementor-button-content-wrapper\">\n\t\t\t\t\t\t\t\t\t<span class=\"elementor-button-text\">07 44 64 34 19<\/span>\n\t\t\t\t\t<\/span>\n\t\t\t\t\t<\/a>\n\t\t\t\t\t\t\t\t<\/div>\n\t\t\t\t<\/div>\n\t\t<div class=\"elementor-element elementor-element-179b9e84 e-con-full e-flex e-con e-child\" data-id=\"179b9e84\" data-element_type=\"container\" data-settings=\"{&quot;background_background&quot;:&quot;classic&quot;}\">\n\t\t\t\t<\/div>\n\t\t\t\t<\/div>\n\t\t<div class=\"elementor-element elementor-element-1e8a5927 e-flex e-con-boxed e-con e-parent\" data-id=\"1e8a5927\" data-element_type=\"container\" data-settings=\"{&quot;background_background&quot;:&quot;classic&quot;}\">\n\t\t\t\t\t<div class=\"e-con-inner\">\n\t\t\t\t<div class=\"elementor-element elementor-element-25b0a99e elementor-widget elementor-widget-image\" data-id=\"25b0a99e\" data-element_type=\"widget\" data-widget_type=\"image.default\">\n\t\t\t\t\t\t\t\t\t\t\t\t\t\t\t<img decoding=\"async\" width=\"748\" height=\"1024\" src=\"https:\/\/formationsd33.fr\/wp-content\/uploads\/2025\/10\/demandeur-demploi-1-748x1024.jpg\" class=\"attachment-large size-large wp-image-1524\" alt=\"demandeur d&#039;emploi\" srcset=\"https:\/\/formationsd33.fr\/wp-content\/uploads\/2025\/10\/demandeur-demploi-1-748x1024.jpg 748w, https:\/\/formationsd33.fr\/wp-content\/uploads\/2025\/10\/demandeur-demploi-1-219x300.jpg 219w, https:\/\/formationsd33.fr\/wp-content\/uploads\/2025\/10\/demandeur-demploi-1-768x1051.jpg 768w, https:\/\/formationsd33.fr\/wp-content\/uploads\/2025\/10\/demandeur-demploi-1.jpg 1000w\" sizes=\"(max-width: 748px) 100vw, 748px\" \/>\t\t\t\t\t\t\t\t\t\t\t\t\t\t\t<\/div>\n\t\t<div class=\"elementor-element elementor-element-4254888b e-con-full e-flex e-con e-child\" data-id=\"4254888b\" data-element_type=\"container\">\n\t\t\t\t<div class=\"elementor-element elementor-element-560c2db4 animated-slow elementor-invisible elementor-widget elementor-widget-heading\" data-id=\"560c2db4\" data-element_type=\"widget\" data-settings=\"{&quot;_animation&quot;:&quot;slideInUp&quot;}\" data-widget_type=\"heading.default\">\n\t\t\t\t\t<h2 class=\"elementor-heading-title elementor-size-default\">R\u00e9v\u00e9ler vos comp\u00e9tences<\/h2>\t\t\t\t<\/div>\n\t\t\t\t<div class=\"elementor-element elementor-element-27aaa594 animated-slow elementor-invisible elementor-widget elementor-widget-heading\" data-id=\"27aaa594\" data-element_type=\"widget\" data-settings=\"{&quot;_animation&quot;:&quot;slideInUp&quot;}\" data-widget_type=\"heading.default\">\n\t\t\t\t\t<h2 class=\"elementor-heading-title elementor-size-default\">Notre mission<\/h2>\t\t\t\t<\/div>\n\t\t\t\t<div class=\"elementor-element elementor-element-5ef91bd8 elementor-widget elementor-widget-text-editor\" data-id=\"5ef91bd8\" data-element_type=\"widget\" data-widget_type=\"text-editor.default\">\n\t\t\t\t\t\t\t\t\t<p>Les formations de Formation SD33 offrent aux demandeurs d\u2019emploi l\u2019opportunit\u00e9 de se former \u00e0 un m\u00e9tier concret et recherch\u00e9 dans le secteur du b\u00e2timent. Gr\u00e2ce \u00e0 des parcours certifiants et pratiques, chacun peut acqu\u00e9rir de nouvelles comp\u00e9tences, se reconvertir ou renforcer son employabilit\u00e9. Encadr\u00e9s par des formateurs artisans exp\u00e9riment\u00e9s, les stagiaires b\u00e9n\u00e9ficient d\u2019un accompagnement personnalis\u00e9 et d\u2019un apprentissage ax\u00e9 sur la r\u00e9alit\u00e9 du terrain. Notre objectif : vous donner les moyens de retrouver rapidement un emploi durable et valorisant dans un domaine porteur.<\/p>\t\t\t\t\t\t\t\t<\/div>\n\t\t\t\t<\/div>\n\t\t\t\t\t<\/div>\n\t\t\t\t<\/div>\n\t\t<div class=\"elementor-element elementor-element-4113c5a5 e-flex e-con-boxed e-con e-parent\" data-id=\"4113c5a5\" data-element_type=\"container\" data-settings=\"{&quot;background_background&quot;:&quot;classic&quot;}\">\n\t\t\t\t\t<div class=\"e-con-inner\">\n\t\t<div class=\"elementor-element elementor-element-341b91f e-con-full e-flex e-con e-child\" data-id=\"341b91f\" data-element_type=\"container\">\n\t\t<div class=\"elementor-element elementor-element-337d5b e-con-full e-flex e-con e-child\" data-id=\"337d5b\" data-element_type=\"container\">\n\t\t\t\t<div class=\"elementor-element elementor-element-4a2e49bd animated-slow elementor-invisible elementor-widget elementor-widget-heading\" data-id=\"4a2e49bd\" data-element_type=\"widget\" data-settings=\"{&quot;_animation&quot;:&quot;slideInUp&quot;}\" data-widget_type=\"heading.default\">\n\t\t\t\t\t<h2 class=\"elementor-heading-title elementor-size-default\">Une p\u00e9dagogie sur mesure pour tous les profils<\/h2>\t\t\t\t<\/div>\n\t\t\t\t<div class=\"elementor-element elementor-element-3517f04e animated-slow elementor-invisible elementor-widget elementor-widget-heading\" data-id=\"3517f04e\" data-element_type=\"widget\" data-settings=\"{&quot;_animation&quot;:&quot;slideInUp&quot;}\" data-widget_type=\"heading.default\">\n\t\t\t\t\t<h2 class=\"elementor-heading-title elementor-size-default\">Des formations accessibles aux demandeurs d'emploi mais pas que...<\/h2>\t\t\t\t<\/div>\n\t\t\t\t<\/div>\n\t\t<div class=\"elementor-element elementor-element-25a7fb55 e-con-full e-flex e-con e-child\" data-id=\"25a7fb55\" data-element_type=\"container\">\n\t\t\t\t<div class=\"elementor-element elementor-element-42fb4c64 elementor-align-left elementor-widget elementor-widget-button\" data-id=\"42fb4c64\" data-element_type=\"widget\" data-widget_type=\"button.default\">\n\t\t\t\t\t\t\t\t\t\t<a class=\"elementor-button elementor-button-link elementor-size-lg elementor-animation-grow\" href=\"https:\/\/formationsd33.fr\/index.php\/contactez-nous\/\">\n\t\t\t\t\t\t<span class=\"elementor-button-content-wrapper\">\n\t\t\t\t\t\t<span class=\"elementor-button-icon\">\n\t\t\t\t<svg aria-hidden=\"true\" class=\"e-font-icon-svg e-fas-angle-right\" viewBox=\"0 0 256 512\" xmlns=\"http:\/\/www.w3.org\/2000\/svg\"><path d=\"M224.3 273l-136 136c-9.4 9.4-24.6 9.4-33.9 0l-22.6-22.6c-9.4-9.4-9.4-24.6 0-33.9l96.4-96.4-96.4-96.4c-9.4-9.4-9.4-24.6 0-33.9L54.3 103c9.4-9.4 24.6-9.4 33.9 0l136 136c9.5 9.4 9.5 24.6.1 34z\"><\/path><\/svg>\t\t\t<\/span>\n\t\t\t\t\t\t\t\t\t<span class=\"elementor-button-text\">Contactez-nous<\/span>\n\t\t\t\t\t<\/span>\n\t\t\t\t\t<\/a>\n\t\t\t\t\t\t\t\t<\/div>\n\t\t\t\t<\/div>\n\t\t\t\t<\/div>\n\t\t\t\t\t<\/div>\n\t\t\t\t<\/div>\n\t\t<div class=\"elementor-element elementor-element-18cfbec e-flex e-con-boxed e-con e-parent\" data-id=\"18cfbec\" data-element_type=\"container\" data-settings=\"{&quot;background_background&quot;:&quot;classic&quot;}\">\n\t\t\t\t\t<div class=\"e-con-inner\">\n\t\t<div class=\"elementor-element elementor-element-12fec32d e-con-full e-flex e-con e-child\" data-id=\"12fec32d\" data-element_type=\"container\">\n\t\t\t\t<div class=\"elementor-element elementor-element-9cfd288 elementor-cta--skin-cover elementor-cta--valign-bottom elementor-widget__width-inherit elementor-widget-tablet__width-initial elementor-widget-mobile__width-inherit elementor-animated-content elementor-bg-transform elementor-bg-transform-zoom-in elementor-widget elementor-widget-call-to-action\" data-id=\"9cfd288\" data-element_type=\"widget\" data-widget_type=\"call-to-action.default\">\n\t\t\t\t\t\t\t<a class=\"elementor-cta\" href=\"https:\/\/formationsd33.fr\/index.php\/pour-qui\/salarie\/\">\n\t\t\t\t\t<div class=\"elementor-cta__bg-wrapper\">\n\t\t\t\t<div class=\"elementor-cta__bg elementor-bg\" style=\"background-image: url(https:\/\/formationsd33.fr\/wp-content\/uploads\/2025\/10\/salarie-1-1-748x1024.jpg);\" role=\"img\" aria-label=\"profils salari\u00e9s\"><\/div>\n\t\t\t\t<div class=\"elementor-cta__bg-overlay\"><\/div>\n\t\t\t<\/div>\n\t\t\t\t\t\t\t<div class=\"elementor-cta__content\">\n\t\t\t\t\n\t\t\t\t\t\t\t\t\t<h2 class=\"elementor-cta__title elementor-cta__content-item elementor-content-item elementor-animated-item--grow\">\n\t\t\t\t\t\tSalari\u00e9\t\t\t\t\t<\/h2>\n\t\t\t\t\n\t\t\t\t\n\t\t\t\t\t\t\t<\/div>\n\t\t\t\t\t\t<\/a>\n\t\t\t\t\t\t<\/div>\n\t\t\t\t<\/div>\n\t\t<div class=\"elementor-element elementor-element-a0386d4 e-con-full e-flex e-con e-child\" data-id=\"a0386d4\" data-element_type=\"container\">\n\t\t\t\t<div class=\"elementor-element elementor-element-25e0ef26 elementor-cta--skin-cover elementor-cta--valign-bottom elementor-widget__width-inherit elementor-widget-tablet__width-initial elementor-widget-mobile__width-inherit elementor-animated-content elementor-bg-transform elementor-bg-transform-zoom-in elementor-widget elementor-widget-call-to-action\" data-id=\"25e0ef26\" data-element_type=\"widget\" data-widget_type=\"call-to-action.default\">\n\t\t\t\t\t\t\t<a class=\"elementor-cta\" href=\"https:\/\/formationsd33.fr\/index.php\/pour-qui\/professionnels-du-batiment\/\">\n\t\t\t\t\t<div class=\"elementor-cta__bg-wrapper\">\n\t\t\t\t<div class=\"elementor-cta__bg elementor-bg\" style=\"background-image: url(https:\/\/formationsd33.fr\/wp-content\/uploads\/2025\/10\/professionnel-du-batiment-1-1-748x1024.jpg);\" role=\"img\" aria-label=\"formation pour professionnels du b\u00e2timent\"><\/div>\n\t\t\t\t<div class=\"elementor-cta__bg-overlay\"><\/div>\n\t\t\t<\/div>\n\t\t\t\t\t\t\t<div class=\"elementor-cta__content\">\n\t\t\t\t\n\t\t\t\t\t\t\t\t\t<h2 class=\"elementor-cta__title elementor-cta__content-item elementor-content-item elementor-animated-item--grow\">\n\t\t\t\t\t\tProfessionnel du b\u00e2timent\t\t\t\t\t<\/h2>\n\t\t\t\t\n\t\t\t\t\n\t\t\t\t\t\t\t<\/div>\n\t\t\t\t\t\t<\/a>\n\t\t\t\t\t\t<\/div>\n\t\t\t\t<\/div>\n\t\t\t\t\t<\/div>\n\t\t\t\t<\/div>\n\t\t\t\t<\/div>\n\t\t","protected":false},"excerpt":{"rendered":"<p>Demandeurs d&#8217;emploi Nos formations s\u2019adressent \u00e9galement aux demandeurs d\u2019emploi souhaitant acqu\u00e9rir de nouvelles comp\u00e9tences, se reconvertir dans le b\u00e2timent ou renforcer leur employabilit\u00e9 rapidement. 07 44 64 34 19 R\u00e9v\u00e9ler vos comp\u00e9tences Notre mission Les formations de Formation SD33 offrent aux demandeurs d\u2019emploi l\u2019opportunit\u00e9 de se former \u00e0 un m\u00e9tier concret et recherch\u00e9 dans le [&hellip;]<\/p>\n","protected":false},"author":1,"featured_media":0,"parent":75,"menu_order":2,"comment_status":"closed","ping_status":"closed","template":"","meta":{"footnotes":""},"class_list":["post-82","page","type-page","status-publish","hentry"],"yoast_head":"<!-- This site is optimized with the Yoast SEO plugin v26.7 - https:\/\/yoast.com\/wordpress\/plugins\/seo\/ -->\n<title>Formations pour demandeurs d\u2019emploi | Formation SD33 Bordeaux<\/title>\n<meta name=\"description\" content=\"Formation SD33 \u00e0 Bordeaux propose des formations certifiantes aux demandeurs d\u2019emploi pour se reconvertir, acqu\u00e9rir des comp\u00e9tences et acc\u00e9der aux m\u00e9tiers du b\u00e2timent.\" \/>\n<meta name=\"robots\" content=\"index, follow, max-snippet:-1, max-image-preview:large, max-video-preview:-1\" \/>\n<link rel=\"canonical\" href=\"https:\/\/formationsd33.fr\/index.php\/pour-qui\/demandeurs-demploi\/\" \/>\n<meta property=\"og:locale\" content=\"fr_FR\" \/>\n<meta property=\"og:type\" content=\"article\" \/>\n<meta property=\"og:title\" content=\"Formations pour demandeurs d\u2019emploi | Formation SD33 Bordeaux\" \/>\n<meta property=\"og:description\" content=\"Formation SD33 \u00e0 Bordeaux propose des formations certifiantes aux demandeurs d\u2019emploi pour se reconvertir, acqu\u00e9rir des comp\u00e9tences et acc\u00e9der aux m\u00e9tiers du b\u00e2timent.\" \/>\n<meta property=\"og:url\" content=\"https:\/\/formationsd33.fr\/index.php\/pour-qui\/demandeurs-demploi\/\" \/>\n<meta property=\"og:site_name\" content=\"FormationSD33\" \/>\n<meta property=\"article:publisher\" content=\"https:\/\/www.instagram.com\/formationsd33\/\" \/>\n<meta property=\"article:modified_time\" content=\"2026-04-05T21:04:56+00:00\" \/>\n<meta property=\"og:image\" content=\"https:\/\/formationsd33.fr\/wp-content\/uploads\/2025\/10\/Logo-formation-Sebastien-logo-scaled-2-1-1-2-1-1024x532.png\" \/>\n<meta name=\"twitter:card\" content=\"summary_large_image\" \/>\n<meta name=\"twitter:label1\" content=\"Dur\u00e9e de lecture estim\u00e9e\" \/>\n\t<meta name=\"twitter:data1\" content=\"2 minutes\" \/>\n<script type=\"application\/ld+json\" class=\"yoast-schema-graph\">{\"@context\":\"https:\/\/schema.org\",\"@graph\":[{\"@type\":\"WebPage\",\"@id\":\"https:\/\/formationsd33.fr\/index.php\/pour-qui\/demandeurs-demploi\/\",\"url\":\"https:\/\/formationsd33.fr\/index.php\/pour-qui\/demandeurs-demploi\/\",\"name\":\"Formations pour demandeurs d\u2019emploi | Formation SD33 Bordeaux\",\"isPartOf\":{\"@id\":\"https:\/\/formationsd33.fr\/#website\"},\"primaryImageOfPage\":{\"@id\":\"https:\/\/formationsd33.fr\/index.php\/pour-qui\/demandeurs-demploi\/#primaryimage\"},\"image\":{\"@id\":\"https:\/\/formationsd33.fr\/index.php\/pour-qui\/demandeurs-demploi\/#primaryimage\"},\"thumbnailUrl\":\"https:\/\/formationsd33.fr\/wp-content\/uploads\/2025\/10\/Logo-formation-Sebastien-logo-scaled-2-1-1-2-1-1024x532.png\",\"datePublished\":\"2025-10-04T10:11:08+00:00\",\"dateModified\":\"2026-04-05T21:04:56+00:00\",\"description\":\"Formation SD33 \u00e0 Bordeaux propose des formations certifiantes aux demandeurs d\u2019emploi pour se reconvertir, acqu\u00e9rir des comp\u00e9tences et acc\u00e9der aux m\u00e9tiers du b\u00e2timent.\",\"breadcrumb\":{\"@id\":\"https:\/\/formationsd33.fr\/index.php\/pour-qui\/demandeurs-demploi\/#breadcrumb\"},\"inLanguage\":\"fr-FR\",\"potentialAction\":[{\"@type\":\"ReadAction\",\"target\":[\"https:\/\/formationsd33.fr\/index.php\/pour-qui\/demandeurs-demploi\/\"]}]},{\"@type\":\"ImageObject\",\"inLanguage\":\"fr-FR\",\"@id\":\"https:\/\/formationsd33.fr\/index.php\/pour-qui\/demandeurs-demploi\/#primaryimage\",\"url\":\"https:\/\/formationsd33.fr\/wp-content\/uploads\/2025\/10\/Logo-formation-Sebastien-logo-scaled-2-1-1-2-1.png\",\"contentUrl\":\"https:\/\/formationsd33.fr\/wp-content\/uploads\/2025\/10\/Logo-formation-Sebastien-logo-scaled-2-1-1-2-1.png\",\"width\":2560,\"height\":1331,\"caption\":\"logo Formation SD33\"},{\"@type\":\"BreadcrumbList\",\"@id\":\"https:\/\/formationsd33.fr\/index.php\/pour-qui\/demandeurs-demploi\/#breadcrumb\",\"itemListElement\":[{\"@type\":\"ListItem\",\"position\":1,\"name\":\"Accueil\",\"item\":\"https:\/\/formationsd33.fr\/\"},{\"@type\":\"ListItem\",\"position\":2,\"name\":\"Pour qui?\",\"item\":\"https:\/\/formationsd33.fr\/index.php\/pour-qui\/\"},{\"@type\":\"ListItem\",\"position\":3,\"name\":\"Demandeurs d&#8217;emploi\"}]},{\"@type\":\"WebSite\",\"@id\":\"https:\/\/formationsd33.fr\/#website\",\"url\":\"https:\/\/formationsd33.fr\/\",\"name\":\"FormationSD33\",\"description\":\"\",\"publisher\":{\"@id\":\"https:\/\/formationsd33.fr\/#organization\"},\"potentialAction\":[{\"@type\":\"SearchAction\",\"target\":{\"@type\":\"EntryPoint\",\"urlTemplate\":\"https:\/\/formationsd33.fr\/?s={search_term_string}\"},\"query-input\":{\"@type\":\"PropertyValueSpecification\",\"valueRequired\":true,\"valueName\":\"search_term_string\"}}],\"inLanguage\":\"fr-FR\"},{\"@type\":\"Organization\",\"@id\":\"https:\/\/formationsd33.fr\/#organization\",\"name\":\"FormationSD33\",\"url\":\"https:\/\/formationsd33.fr\/\",\"logo\":{\"@type\":\"ImageObject\",\"inLanguage\":\"fr-FR\",\"@id\":\"https:\/\/formationsd33.fr\/#\/schema\/logo\/image\/\",\"url\":\"https:\/\/formationsd33.fr\/wp-content\/uploads\/2025\/10\/Logo-formation-SD33.png\",\"contentUrl\":\"https:\/\/formationsd33.fr\/wp-content\/uploads\/2025\/10\/Logo-formation-SD33.png\",\"width\":1500,\"height\":780,\"caption\":\"FormationSD33\"},\"image\":{\"@id\":\"https:\/\/formationsd33.fr\/#\/schema\/logo\/image\/\"},\"sameAs\":[\"https:\/\/www.instagram.com\/formationsd33\/\"]}]}<\/script>\n<!-- \/ Yoast SEO plugin. -->","yoast_head_json":{"title":"Formations pour demandeurs d\u2019emploi | Formation SD33 Bordeaux","description":"Formation SD33 \u00e0 Bordeaux propose des formations certifiantes aux demandeurs d\u2019emploi pour se reconvertir, acqu\u00e9rir des comp\u00e9tences et acc\u00e9der aux m\u00e9tiers du b\u00e2timent.","robots":{"index":"index","follow":"follow","max-snippet":"max-snippet:-1","max-image-preview":"max-image-preview:large","max-video-preview":"max-video-preview:-1"},"canonical":"https:\/\/formationsd33.fr\/index.php\/pour-qui\/demandeurs-demploi\/","og_locale":"fr_FR","og_type":"article","og_title":"Formations pour demandeurs d\u2019emploi | Formation SD33 Bordeaux","og_description":"Formation SD33 \u00e0 Bordeaux propose des formations certifiantes aux demandeurs d\u2019emploi pour se reconvertir, acqu\u00e9rir des comp\u00e9tences et acc\u00e9der aux m\u00e9tiers du b\u00e2timent.","og_url":"https:\/\/formationsd33.fr\/index.php\/pour-qui\/demandeurs-demploi\/","og_site_name":"FormationSD33","article_publisher":"https:\/\/www.instagram.com\/formationsd33\/","article_modified_time":"2026-04-05T21:04:56+00:00","og_image":[{"url":"https:\/\/formationsd33.fr\/wp-content\/uploads\/2025\/10\/Logo-formation-Sebastien-logo-scaled-2-1-1-2-1-1024x532.png","type":"","width":"","height":""}],"twitter_card":"summary_large_image","twitter_misc":{"Dur\u00e9e de lecture estim\u00e9e":"2 minutes"},"schema":{"@context":"https:\/\/schema.org","@graph":[{"@type":"WebPage","@id":"https:\/\/formationsd33.fr\/index.php\/pour-qui\/demandeurs-demploi\/","url":"https:\/\/formationsd33.fr\/index.php\/pour-qui\/demandeurs-demploi\/","name":"Formations pour demandeurs d\u2019emploi | Formation SD33 Bordeaux","isPartOf":{"@id":"https:\/\/formationsd33.fr\/#website"},"primaryImageOfPage":{"@id":"https:\/\/formationsd33.fr\/index.php\/pour-qui\/demandeurs-demploi\/#primaryimage"},"image":{"@id":"https:\/\/formationsd33.fr\/index.php\/pour-qui\/demandeurs-demploi\/#primaryimage"},"thumbnailUrl":"https:\/\/formationsd33.fr\/wp-content\/uploads\/2025\/10\/Logo-formation-Sebastien-logo-scaled-2-1-1-2-1-1024x532.png","datePublished":"2025-10-04T10:11:08+00:00","dateModified":"2026-04-05T21:04:56+00:00","description":"Formation SD33 \u00e0 Bordeaux propose des formations certifiantes aux demandeurs d\u2019emploi pour se reconvertir, acqu\u00e9rir des comp\u00e9tences et acc\u00e9der aux m\u00e9tiers du b\u00e2timent.","breadcrumb":{"@id":"https:\/\/formationsd33.fr\/index.php\/pour-qui\/demandeurs-demploi\/#breadcrumb"},"inLanguage":"fr-FR","potentialAction":[{"@type":"ReadAction","target":["https:\/\/formationsd33.fr\/index.php\/pour-qui\/demandeurs-demploi\/"]}]},{"@type":"ImageObject","inLanguage":"fr-FR","@id":"https:\/\/formationsd33.fr\/index.php\/pour-qui\/demandeurs-demploi\/#primaryimage","url":"https:\/\/formationsd33.fr\/wp-content\/uploads\/2025\/10\/Logo-formation-Sebastien-logo-scaled-2-1-1-2-1.png","contentUrl":"https:\/\/formationsd33.fr\/wp-content\/uploads\/2025\/10\/Logo-formation-Sebastien-logo-scaled-2-1-1-2-1.png","width":2560,"height":1331,"caption":"logo Formation SD33"},{"@type":"BreadcrumbList","@id":"https:\/\/formationsd33.fr\/index.php\/pour-qui\/demandeurs-demploi\/#breadcrumb","itemListElement":[{"@type":"ListItem","position":1,"name":"Accueil","item":"https:\/\/formationsd33.fr\/"},{"@type":"ListItem","position":2,"name":"Pour qui?","item":"https:\/\/formationsd33.fr\/index.php\/pour-qui\/"},{"@type":"ListItem","position":3,"name":"Demandeurs d&#8217;emploi"}]},{"@type":"WebSite","@id":"https:\/\/formationsd33.fr\/#website","url":"https:\/\/formationsd33.fr\/","name":"FormationSD33","description":"","publisher":{"@id":"https:\/\/formationsd33.fr\/#organization"},"potentialAction":[{"@type":"SearchAction","target":{"@type":"EntryPoint","urlTemplate":"https:\/\/formationsd33.fr\/?s={search_term_string}"},"query-input":{"@type":"PropertyValueSpecification","valueRequired":true,"valueName":"search_term_string"}}],"inLanguage":"fr-FR"},{"@type":"Organization","@id":"https:\/\/formationsd33.fr\/#organization","name":"FormationSD33","url":"https:\/\/formationsd33.fr\/","logo":{"@type":"ImageObject","inLanguage":"fr-FR","@id":"https:\/\/formationsd33.fr\/#\/schema\/logo\/image\/","url":"https:\/\/formationsd33.fr\/wp-content\/uploads\/2025\/10\/Logo-formation-SD33.png","contentUrl":"https:\/\/formationsd33.fr\/wp-content\/uploads\/2025\/10\/Logo-formation-SD33.png","width":1500,"height":780,"caption":"FormationSD33"},"image":{"@id":"https:\/\/formationsd33.fr\/#\/schema\/logo\/image\/"},"sameAs":["https:\/\/www.instagram.com\/formationsd33\/"]}]}},"_links":{"self":[{"href":"https:\/\/formationsd33.fr\/index.php\/wp-json\/wp\/v2\/pages\/82","targetHints":{"allow":["GET"]}}],"collection":[{"href":"https:\/\/formationsd33.fr\/index.php\/wp-json\/wp\/v2\/pages"}],"about":[{"href":"https:\/\/formationsd33.fr\/index.php\/wp-json\/wp\/v2\/types\/page"}],"author":[{"embeddable":true,"href":"https:\/\/formationsd33.fr\/index.php\/wp-json\/wp\/v2\/users\/1"}],"replies":[{"embeddable":true,"href":"https:\/\/formationsd33.fr\/index.php\/wp-json\/wp\/v2\/comments?post=82"}],"version-history":[{"count":25,"href":"https:\/\/formationsd33.fr\/index.php\/wp-json\/wp\/v2\/pages\/82\/revisions"}],"predecessor-version":[{"id":2343,"href":"https:\/\/formationsd33.fr\/index.php\/wp-json\/wp\/v2\/pages\/82\/revisions\/2343"}],"up":[{"embeddable":true,"href":"https:\/\/formationsd33.fr\/index.php\/wp-json\/wp\/v2\/pages\/75"}],"wp:attachment":[{"href":"https:\/\/formationsd33.fr\/index.php\/wp-json\/wp\/v2\/media?parent=82"}],"curies":[{"name":"wp","href":"https:\/\/api.w.org\/{rel}","templated":true}]}}