{"id":78,"date":"2025-10-04T10:10:45","date_gmt":"2025-10-04T10:10:45","guid":{"rendered":"https:\/\/formationsd33.fr\/?page_id=78"},"modified":"2026-04-05T21:04:29","modified_gmt":"2026-04-05T21:04:29","slug":"salarie","status":"publish","type":"page","link":"https:\/\/formationsd33.fr\/index.php\/pour-qui\/salarie\/","title":{"rendered":"Salari\u00e9s"},"content":{"rendered":"\t\t<div data-elementor-type=\"wp-page\" data-elementor-id=\"78\" class=\"elementor elementor-78\" data-elementor-post-type=\"page\">\n\t\t\t\t<div class=\"elementor-element elementor-element-126dd16e e-con-full e-flex e-con e-parent\" data-id=\"126dd16e\" data-element_type=\"container\" data-settings=\"{&quot;background_background&quot;:&quot;classic&quot;}\">\n\t\t<div class=\"elementor-element elementor-element-8492518 e-con-full e-flex e-con e-child\" data-id=\"8492518\" data-element_type=\"container\" data-settings=\"{&quot;background_background&quot;:&quot;classic&quot;}\">\n\t\t\t\t<div class=\"elementor-element elementor-element-1f6196cb elementor-widget elementor-widget-image\" data-id=\"1f6196cb\" data-element_type=\"widget\" data-widget_type=\"image.default\">\n\t\t\t\t\t\t\t\t\t\t\t\t\t\t\t<img fetchpriority=\"high\" decoding=\"async\" width=\"800\" height=\"416\" src=\"https:\/\/formationsd33.fr\/wp-content\/uploads\/2025\/10\/Logo-formation-Sebastien-logo-scaled-2-1-1-2-1-1024x532.png\" class=\"attachment-large size-large wp-image-1763\" alt=\"logo Formation SD33\" srcset=\"https:\/\/formationsd33.fr\/wp-content\/uploads\/2025\/10\/Logo-formation-Sebastien-logo-scaled-2-1-1-2-1-1024x532.png 1024w, https:\/\/formationsd33.fr\/wp-content\/uploads\/2025\/10\/Logo-formation-Sebastien-logo-scaled-2-1-1-2-1-300x156.png 300w, https:\/\/formationsd33.fr\/wp-content\/uploads\/2025\/10\/Logo-formation-Sebastien-logo-scaled-2-1-1-2-1-768x399.png 768w, https:\/\/formationsd33.fr\/wp-content\/uploads\/2025\/10\/Logo-formation-Sebastien-logo-scaled-2-1-1-2-1-1536x799.png 1536w, https:\/\/formationsd33.fr\/wp-content\/uploads\/2025\/10\/Logo-formation-Sebastien-logo-scaled-2-1-1-2-1-2048x1065.png 2048w\" sizes=\"(max-width: 800px) 100vw, 800px\" \/>\t\t\t\t\t\t\t\t\t\t\t\t\t\t\t<\/div>\n\t\t\t\t<div class=\"elementor-element elementor-element-4a340cc2 elementor-widget elementor-widget-heading\" data-id=\"4a340cc2\" data-element_type=\"widget\" data-widget_type=\"heading.default\">\n\t\t\t\t\t<h1 class=\"elementor-heading-title elementor-size-default\">salari\u00e9s<\/h1>\t\t\t\t<\/div>\n\t\t\t\t<div class=\"elementor-element elementor-element-370e2ff elementor-widget elementor-widget-text-editor\" data-id=\"370e2ff\" data-element_type=\"widget\" data-widget_type=\"text-editor.default\">\n\t\t\t\t\t\t\t\t\t<p>Nos formations s\u2019adressent aux salari\u00e9s souhaitant d\u00e9velopper leurs comp\u00e9tences, se perfectionner dans leur m\u00e9tier ou obtenir des certifications reconnues dans le b\u00e2timent.<\/p>\t\t\t\t\t\t\t\t<\/div>\n\t\t\t\t<div class=\"elementor-element elementor-element-599c9239 elementor-align-left elementor-mobile-align-center elementor-widget elementor-widget-button\" data-id=\"599c9239\" data-element_type=\"widget\" data-widget_type=\"button.default\">\n\t\t\t\t\t\t\t\t\t\t<a class=\"elementor-button elementor-button-link elementor-size-lg elementor-animation-grow\" href=\"tel:07%2044%2064%2034%2019\">\n\t\t\t\t\t\t<span class=\"elementor-button-content-wrapper\">\n\t\t\t\t\t\t\t\t\t<span class=\"elementor-button-text\">07 44 64 34 19<\/span>\n\t\t\t\t\t<\/span>\n\t\t\t\t\t<\/a>\n\t\t\t\t\t\t\t\t<\/div>\n\t\t\t\t<\/div>\n\t\t<div class=\"elementor-element elementor-element-493d59b0 e-con-full e-flex e-con e-child\" data-id=\"493d59b0\" data-element_type=\"container\" data-settings=\"{&quot;background_background&quot;:&quot;classic&quot;}\">\n\t\t\t\t<\/div>\n\t\t\t\t<\/div>\n\t\t<div class=\"elementor-element elementor-element-cd66803 e-con-full e-flex e-con e-parent\" data-id=\"cd66803\" data-element_type=\"container\" data-settings=\"{&quot;background_background&quot;:&quot;classic&quot;}\">\n\t\t<div class=\"elementor-element elementor-element-6ce4f82d e-con-full e-flex e-con e-child\" data-id=\"6ce4f82d\" data-element_type=\"container\" data-settings=\"{&quot;background_background&quot;:&quot;classic&quot;}\">\n\t\t\t\t<\/div>\n\t\t<div class=\"elementor-element elementor-element-b9342de e-con-full e-flex e-con e-child\" data-id=\"b9342de\" data-element_type=\"container\">\n\t\t\t\t<div class=\"elementor-element elementor-element-6c9fb30f elementor-widget elementor-widget-heading\" data-id=\"6c9fb30f\" data-element_type=\"widget\" data-widget_type=\"heading.default\">\n\t\t\t\t\t<h2 class=\"elementor-heading-title elementor-size-default\">salari\u00e9s<\/h2>\t\t\t\t<\/div>\n\t\t\t\t<div class=\"elementor-element elementor-element-7caa18f0 elementor-widget elementor-widget-heading\" data-id=\"7caa18f0\" data-element_type=\"widget\" data-widget_type=\"heading.default\">\n\t\t\t\t\t<h3 class=\"elementor-heading-title elementor-size-default\">Accessible aux salari\u00e9s souhaitant se perfectionner, les formations propos\u00e9es par Formation SD33 leur donnent toutes les cl\u00e9s pour progresser dans leur m\u00e9tier.<\/h3>\t\t\t\t<\/div>\n\t\t\t\t<div class=\"elementor-element elementor-element-5ed048da elementor-widget elementor-widget-text-editor\" data-id=\"5ed048da\" data-element_type=\"widget\" data-widget_type=\"text-editor.default\">\n\t\t\t\t\t\t\t\t\t<p>Vous d\u00e9velopperez des comp\u00e9tences pratiques selon les normes et bonnes pratiques du b\u00e2timent, encadr\u00e9 par nos formateurs artisans exp\u00e9riment\u00e9s.<\/p><p>Que votre objectif soit de renforcer vos savoir-faire, \u00e9voluer dans votre poste ou pr\u00e9parer une certification, nos formations vous offrent un apprentissage concret et imm\u00e9diatement applicable sur le terrain.<\/p><p>Gr\u00e2ce \u00e0 notre p\u00e9dagogie m\u00ealant ateliers pratiques et suivi personnalis\u00e9, vous progressez rapidement : de la pose de cloisons \u00e0 la menuiserie ou \u00e0 l\u2019\u00e9lectricit\u00e9 domestique, vivez une exp\u00e9rience formatrice et enrichissante.<\/p>\t\t\t\t\t\t\t\t<\/div>\n\t\t\t\t<div class=\"elementor-element elementor-element-2660c468 elementor-widget elementor-widget-image\" data-id=\"2660c468\" data-element_type=\"widget\" data-widget_type=\"image.default\">\n\t\t\t\t\t\t\t\t\t\t\t\t\t\t\t<img decoding=\"async\" width=\"722\" height=\"418\" src=\"https:\/\/formationsd33.fr\/wp-content\/uploads\/2025\/10\/locaux-atelier-1.jpg\" class=\"attachment-large size-large wp-image-1667\" alt=\"locaux menuisier\" srcset=\"https:\/\/formationsd33.fr\/wp-content\/uploads\/2025\/10\/locaux-atelier-1.jpg 722w, https:\/\/formationsd33.fr\/wp-content\/uploads\/2025\/10\/locaux-atelier-1-300x174.jpg 300w\" sizes=\"(max-width: 722px) 100vw, 722px\" \/>\t\t\t\t\t\t\t\t\t\t\t\t\t\t\t<\/div>\n\t\t\t\t<\/div>\n\t\t\t\t<\/div>\n\t\t<div class=\"elementor-element elementor-element-36963f6f e-flex e-con-boxed e-con e-parent\" data-id=\"36963f6f\" data-element_type=\"container\" data-settings=\"{&quot;background_background&quot;:&quot;classic&quot;}\">\n\t\t\t\t\t<div class=\"e-con-inner\">\n\t\t<div class=\"elementor-element elementor-element-1fe4c6e3 e-con-full e-flex e-con e-child\" data-id=\"1fe4c6e3\" data-element_type=\"container\">\n\t\t<div class=\"elementor-element elementor-element-2ad265a2 e-con-full e-flex e-con e-child\" data-id=\"2ad265a2\" data-element_type=\"container\">\n\t\t\t\t<div class=\"elementor-element elementor-element-54413e0c animated-slow elementor-invisible elementor-widget elementor-widget-heading\" data-id=\"54413e0c\" data-element_type=\"widget\" data-settings=\"{&quot;_animation&quot;:&quot;slideInUp&quot;}\" data-widget_type=\"heading.default\">\n\t\t\t\t\t<h2 class=\"elementor-heading-title elementor-size-default\">Une p\u00e9dagogie sur mesure pour tous les profils<\/h2>\t\t\t\t<\/div>\n\t\t\t\t<div class=\"elementor-element elementor-element-4677ef4a animated-slow elementor-invisible elementor-widget elementor-widget-heading\" data-id=\"4677ef4a\" data-element_type=\"widget\" data-settings=\"{&quot;_animation&quot;:&quot;slideInUp&quot;}\" data-widget_type=\"heading.default\">\n\t\t\t\t\t<h2 class=\"elementor-heading-title elementor-size-default\">Des formations accessibles aux salari\u00e9s mais pas que...<\/h2>\t\t\t\t<\/div>\n\t\t\t\t<\/div>\n\t\t<div class=\"elementor-element elementor-element-56d5f336 e-con-full e-flex e-con e-child\" data-id=\"56d5f336\" data-element_type=\"container\">\n\t\t\t\t<div class=\"elementor-element elementor-element-313f85ea elementor-align-left elementor-widget elementor-widget-button\" data-id=\"313f85ea\" data-element_type=\"widget\" data-widget_type=\"button.default\">\n\t\t\t\t\t\t\t\t\t\t<a class=\"elementor-button elementor-button-link elementor-size-lg elementor-animation-grow\" href=\"https:\/\/formationsd33.fr\/index.php\/contactez-nous\/\">\n\t\t\t\t\t\t<span class=\"elementor-button-content-wrapper\">\n\t\t\t\t\t\t<span class=\"elementor-button-icon\">\n\t\t\t\t<svg aria-hidden=\"true\" class=\"e-font-icon-svg e-fas-angle-right\" viewBox=\"0 0 256 512\" xmlns=\"http:\/\/www.w3.org\/2000\/svg\"><path d=\"M224.3 273l-136 136c-9.4 9.4-24.6 9.4-33.9 0l-22.6-22.6c-9.4-9.4-9.4-24.6 0-33.9l96.4-96.4-96.4-96.4c-9.4-9.4-9.4-24.6 0-33.9L54.3 103c9.4-9.4 24.6-9.4 33.9 0l136 136c9.5 9.4 9.5 24.6.1 34z\"><\/path><\/svg>\t\t\t<\/span>\n\t\t\t\t\t\t\t\t\t<span class=\"elementor-button-text\">Contactez-nous<\/span>\n\t\t\t\t\t<\/span>\n\t\t\t\t\t<\/a>\n\t\t\t\t\t\t\t\t<\/div>\n\t\t\t\t<\/div>\n\t\t\t\t<\/div>\n\t\t\t\t\t<\/div>\n\t\t\t\t<\/div>\n\t\t<div class=\"elementor-element elementor-element-7b27588b e-flex e-con-boxed e-con e-parent\" data-id=\"7b27588b\" data-element_type=\"container\" data-settings=\"{&quot;background_background&quot;:&quot;classic&quot;}\">\n\t\t\t\t\t<div class=\"e-con-inner\">\n\t\t<div class=\"elementor-element elementor-element-545a7a3c e-con-full e-flex e-con e-child\" data-id=\"545a7a3c\" data-element_type=\"container\">\n\t\t\t\t<div class=\"elementor-element elementor-element-6e69c2da elementor-cta--skin-cover elementor-cta--valign-bottom elementor-widget__width-inherit elementor-widget-tablet__width-initial elementor-widget-mobile__width-inherit elementor-animated-content elementor-bg-transform elementor-bg-transform-zoom-in elementor-widget elementor-widget-call-to-action\" data-id=\"6e69c2da\" data-element_type=\"widget\" data-widget_type=\"call-to-action.default\">\n\t\t\t\t\t\t\t<a class=\"elementor-cta\" href=\"https:\/\/formationsd33.fr\/index.php\/pour-qui\/demandeurs-demploi\/\">\n\t\t\t\t\t<div class=\"elementor-cta__bg-wrapper\">\n\t\t\t\t<div class=\"elementor-cta__bg elementor-bg\" style=\"background-image: url(https:\/\/formationsd33.fr\/wp-content\/uploads\/2025\/10\/demandeur-demploi-1-1-748x1024.jpg);\" role=\"img\" aria-label=\"profil demandeur d&#039;emploi\"><\/div>\n\t\t\t\t<div class=\"elementor-cta__bg-overlay\"><\/div>\n\t\t\t<\/div>\n\t\t\t\t\t\t\t<div class=\"elementor-cta__content\">\n\t\t\t\t\n\t\t\t\t\t\t\t\t\t<h2 class=\"elementor-cta__title elementor-cta__content-item elementor-content-item elementor-animated-item--grow\">\n\t\t\t\t\t\tDemandeur d'emploi\t\t\t\t\t<\/h2>\n\t\t\t\t\n\t\t\t\t\n\t\t\t\t\t\t\t<\/div>\n\t\t\t\t\t\t<\/a>\n\t\t\t\t\t\t<\/div>\n\t\t\t\t<\/div>\n\t\t<div class=\"elementor-element elementor-element-50ff1038 e-con-full e-flex e-con e-child\" data-id=\"50ff1038\" data-element_type=\"container\">\n\t\t\t\t<div class=\"elementor-element elementor-element-7ccad26c elementor-cta--skin-cover elementor-cta--valign-bottom elementor-widget__width-inherit elementor-widget-tablet__width-initial elementor-widget-mobile__width-inherit elementor-animated-content elementor-bg-transform elementor-bg-transform-zoom-in elementor-widget elementor-widget-call-to-action\" data-id=\"7ccad26c\" data-element_type=\"widget\" data-widget_type=\"call-to-action.default\">\n\t\t\t\t\t\t\t<a class=\"elementor-cta\" href=\"https:\/\/formationsd33.fr\/index.php\/pour-qui\/professionnels-du-batiment\/\">\n\t\t\t\t\t<div class=\"elementor-cta__bg-wrapper\">\n\t\t\t\t<div class=\"elementor-cta__bg elementor-bg\" style=\"background-image: url(https:\/\/formationsd33.fr\/wp-content\/uploads\/2025\/10\/professionnel-du-batiment-1-1-748x1024.jpg);\" role=\"img\" aria-label=\"formation pour professionnels du b\u00e2timent\"><\/div>\n\t\t\t\t<div class=\"elementor-cta__bg-overlay\"><\/div>\n\t\t\t<\/div>\n\t\t\t\t\t\t\t<div class=\"elementor-cta__content\">\n\t\t\t\t\n\t\t\t\t\t\t\t\t\t<h2 class=\"elementor-cta__title elementor-cta__content-item elementor-content-item elementor-animated-item--grow\">\n\t\t\t\t\t\tProfessionnel du b\u00e2timent\t\t\t\t\t<\/h2>\n\t\t\t\t\n\t\t\t\t\n\t\t\t\t\t\t\t<\/div>\n\t\t\t\t\t\t<\/a>\n\t\t\t\t\t\t<\/div>\n\t\t\t\t<\/div>\n\t\t\t\t\t<\/div>\n\t\t\t\t<\/div>\n\t\t\t\t<\/div>\n\t\t","protected":false},"excerpt":{"rendered":"<p>salari\u00e9s Nos formations s\u2019adressent aux salari\u00e9s souhaitant d\u00e9velopper leurs comp\u00e9tences, se perfectionner dans leur m\u00e9tier ou obtenir des certifications reconnues dans le b\u00e2timent. 07 44 64 34 19 salari\u00e9s Accessible aux salari\u00e9s souhaitant se perfectionner, les formations propos\u00e9es par Formation SD33 leur donnent toutes les cl\u00e9s pour progresser dans leur m\u00e9tier. Vous d\u00e9velopperez des comp\u00e9tences [&hellip;]<\/p>\n","protected":false},"author":1,"featured_media":0,"parent":75,"menu_order":1,"comment_status":"closed","ping_status":"closed","template":"","meta":{"footnotes":""},"class_list":["post-78","page","type-page","status-publish","hentry"],"yoast_head":"<!-- This site is optimized with the Yoast SEO plugin v26.7 - https:\/\/yoast.com\/wordpress\/plugins\/seo\/ -->\n<title>Formations pour salari\u00e9s | Formation SD33 Bordeaux<\/title>\n<meta name=\"description\" content=\"Formation SD33 \u00e0 Bordeaux propose des formations certifiantes pour salari\u00e9s souhaitant d\u00e9velopper leurs comp\u00e9tences et progresser dans les m\u00e9tiers du b\u00e2timent.\" \/>\n<meta name=\"robots\" content=\"index, follow, max-snippet:-1, max-image-preview:large, max-video-preview:-1\" \/>\n<link rel=\"canonical\" href=\"https:\/\/formationsd33.fr\/index.php\/pour-qui\/salarie\/\" \/>\n<meta property=\"og:locale\" content=\"fr_FR\" \/>\n<meta property=\"og:type\" content=\"article\" \/>\n<meta property=\"og:title\" content=\"Formations pour salari\u00e9s | Formation SD33 Bordeaux\" \/>\n<meta property=\"og:description\" content=\"Formation SD33 \u00e0 Bordeaux propose des formations certifiantes pour salari\u00e9s souhaitant d\u00e9velopper leurs comp\u00e9tences et progresser dans les m\u00e9tiers du b\u00e2timent.\" \/>\n<meta property=\"og:url\" content=\"https:\/\/formationsd33.fr\/index.php\/pour-qui\/salarie\/\" \/>\n<meta property=\"og:site_name\" content=\"FormationSD33\" \/>\n<meta property=\"article:publisher\" content=\"https:\/\/www.instagram.com\/formationsd33\/\" \/>\n<meta property=\"article:modified_time\" content=\"2026-04-05T21:04:29+00:00\" \/>\n<meta property=\"og:image\" content=\"https:\/\/formationsd33.fr\/wp-content\/uploads\/2025\/10\/Logo-formation-Sebastien-logo-scaled-2-1-1-2-1-1024x532.png\" \/>\n<meta name=\"twitter:card\" content=\"summary_large_image\" \/>\n<meta name=\"twitter:label1\" content=\"Dur\u00e9e de lecture estim\u00e9e\" \/>\n\t<meta name=\"twitter:data1\" content=\"2 minutes\" \/>\n<script type=\"application\/ld+json\" class=\"yoast-schema-graph\">{\"@context\":\"https:\/\/schema.org\",\"@graph\":[{\"@type\":\"WebPage\",\"@id\":\"https:\/\/formationsd33.fr\/index.php\/pour-qui\/salarie\/\",\"url\":\"https:\/\/formationsd33.fr\/index.php\/pour-qui\/salarie\/\",\"name\":\"Formations pour salari\u00e9s | Formation SD33 Bordeaux\",\"isPartOf\":{\"@id\":\"https:\/\/formationsd33.fr\/#website\"},\"primaryImageOfPage\":{\"@id\":\"https:\/\/formationsd33.fr\/index.php\/pour-qui\/salarie\/#primaryimage\"},\"image\":{\"@id\":\"https:\/\/formationsd33.fr\/index.php\/pour-qui\/salarie\/#primaryimage\"},\"thumbnailUrl\":\"https:\/\/formationsd33.fr\/wp-content\/uploads\/2025\/10\/Logo-formation-Sebastien-logo-scaled-2-1-1-2-1-1024x532.png\",\"datePublished\":\"2025-10-04T10:10:45+00:00\",\"dateModified\":\"2026-04-05T21:04:29+00:00\",\"description\":\"Formation SD33 \u00e0 Bordeaux propose des formations certifiantes pour salari\u00e9s souhaitant d\u00e9velopper leurs comp\u00e9tences et progresser dans les m\u00e9tiers du b\u00e2timent.\",\"breadcrumb\":{\"@id\":\"https:\/\/formationsd33.fr\/index.php\/pour-qui\/salarie\/#breadcrumb\"},\"inLanguage\":\"fr-FR\",\"potentialAction\":[{\"@type\":\"ReadAction\",\"target\":[\"https:\/\/formationsd33.fr\/index.php\/pour-qui\/salarie\/\"]}]},{\"@type\":\"ImageObject\",\"inLanguage\":\"fr-FR\",\"@id\":\"https:\/\/formationsd33.fr\/index.php\/pour-qui\/salarie\/#primaryimage\",\"url\":\"https:\/\/formationsd33.fr\/wp-content\/uploads\/2025\/10\/Logo-formation-Sebastien-logo-scaled-2-1-1-2-1.png\",\"contentUrl\":\"https:\/\/formationsd33.fr\/wp-content\/uploads\/2025\/10\/Logo-formation-Sebastien-logo-scaled-2-1-1-2-1.png\",\"width\":2560,\"height\":1331,\"caption\":\"logo Formation SD33\"},{\"@type\":\"BreadcrumbList\",\"@id\":\"https:\/\/formationsd33.fr\/index.php\/pour-qui\/salarie\/#breadcrumb\",\"itemListElement\":[{\"@type\":\"ListItem\",\"position\":1,\"name\":\"Accueil\",\"item\":\"https:\/\/formationsd33.fr\/\"},{\"@type\":\"ListItem\",\"position\":2,\"name\":\"Pour qui?\",\"item\":\"https:\/\/formationsd33.fr\/index.php\/pour-qui\/\"},{\"@type\":\"ListItem\",\"position\":3,\"name\":\"Salari\u00e9s\"}]},{\"@type\":\"WebSite\",\"@id\":\"https:\/\/formationsd33.fr\/#website\",\"url\":\"https:\/\/formationsd33.fr\/\",\"name\":\"FormationSD33\",\"description\":\"\",\"publisher\":{\"@id\":\"https:\/\/formationsd33.fr\/#organization\"},\"potentialAction\":[{\"@type\":\"SearchAction\",\"target\":{\"@type\":\"EntryPoint\",\"urlTemplate\":\"https:\/\/formationsd33.fr\/?s={search_term_string}\"},\"query-input\":{\"@type\":\"PropertyValueSpecification\",\"valueRequired\":true,\"valueName\":\"search_term_string\"}}],\"inLanguage\":\"fr-FR\"},{\"@type\":\"Organization\",\"@id\":\"https:\/\/formationsd33.fr\/#organization\",\"name\":\"FormationSD33\",\"url\":\"https:\/\/formationsd33.fr\/\",\"logo\":{\"@type\":\"ImageObject\",\"inLanguage\":\"fr-FR\",\"@id\":\"https:\/\/formationsd33.fr\/#\/schema\/logo\/image\/\",\"url\":\"https:\/\/formationsd33.fr\/wp-content\/uploads\/2025\/10\/Logo-formation-SD33.png\",\"contentUrl\":\"https:\/\/formationsd33.fr\/wp-content\/uploads\/2025\/10\/Logo-formation-SD33.png\",\"width\":1500,\"height\":780,\"caption\":\"FormationSD33\"},\"image\":{\"@id\":\"https:\/\/formationsd33.fr\/#\/schema\/logo\/image\/\"},\"sameAs\":[\"https:\/\/www.instagram.com\/formationsd33\/\"]}]}<\/script>\n<!-- \/ Yoast SEO plugin. -->","yoast_head_json":{"title":"Formations pour salari\u00e9s | Formation SD33 Bordeaux","description":"Formation SD33 \u00e0 Bordeaux propose des formations certifiantes pour salari\u00e9s souhaitant d\u00e9velopper leurs comp\u00e9tences et progresser dans les m\u00e9tiers du b\u00e2timent.","robots":{"index":"index","follow":"follow","max-snippet":"max-snippet:-1","max-image-preview":"max-image-preview:large","max-video-preview":"max-video-preview:-1"},"canonical":"https:\/\/formationsd33.fr\/index.php\/pour-qui\/salarie\/","og_locale":"fr_FR","og_type":"article","og_title":"Formations pour salari\u00e9s | Formation SD33 Bordeaux","og_description":"Formation SD33 \u00e0 Bordeaux propose des formations certifiantes pour salari\u00e9s souhaitant d\u00e9velopper leurs comp\u00e9tences et progresser dans les m\u00e9tiers du b\u00e2timent.","og_url":"https:\/\/formationsd33.fr\/index.php\/pour-qui\/salarie\/","og_site_name":"FormationSD33","article_publisher":"https:\/\/www.instagram.com\/formationsd33\/","article_modified_time":"2026-04-05T21:04:29+00:00","og_image":[{"url":"https:\/\/formationsd33.fr\/wp-content\/uploads\/2025\/10\/Logo-formation-Sebastien-logo-scaled-2-1-1-2-1-1024x532.png","type":"","width":"","height":""}],"twitter_card":"summary_large_image","twitter_misc":{"Dur\u00e9e de lecture estim\u00e9e":"2 minutes"},"schema":{"@context":"https:\/\/schema.org","@graph":[{"@type":"WebPage","@id":"https:\/\/formationsd33.fr\/index.php\/pour-qui\/salarie\/","url":"https:\/\/formationsd33.fr\/index.php\/pour-qui\/salarie\/","name":"Formations pour salari\u00e9s | Formation SD33 Bordeaux","isPartOf":{"@id":"https:\/\/formationsd33.fr\/#website"},"primaryImageOfPage":{"@id":"https:\/\/formationsd33.fr\/index.php\/pour-qui\/salarie\/#primaryimage"},"image":{"@id":"https:\/\/formationsd33.fr\/index.php\/pour-qui\/salarie\/#primaryimage"},"thumbnailUrl":"https:\/\/formationsd33.fr\/wp-content\/uploads\/2025\/10\/Logo-formation-Sebastien-logo-scaled-2-1-1-2-1-1024x532.png","datePublished":"2025-10-04T10:10:45+00:00","dateModified":"2026-04-05T21:04:29+00:00","description":"Formation SD33 \u00e0 Bordeaux propose des formations certifiantes pour salari\u00e9s souhaitant d\u00e9velopper leurs comp\u00e9tences et progresser dans les m\u00e9tiers du b\u00e2timent.","breadcrumb":{"@id":"https:\/\/formationsd33.fr\/index.php\/pour-qui\/salarie\/#breadcrumb"},"inLanguage":"fr-FR","potentialAction":[{"@type":"ReadAction","target":["https:\/\/formationsd33.fr\/index.php\/pour-qui\/salarie\/"]}]},{"@type":"ImageObject","inLanguage":"fr-FR","@id":"https:\/\/formationsd33.fr\/index.php\/pour-qui\/salarie\/#primaryimage","url":"https:\/\/formationsd33.fr\/wp-content\/uploads\/2025\/10\/Logo-formation-Sebastien-logo-scaled-2-1-1-2-1.png","contentUrl":"https:\/\/formationsd33.fr\/wp-content\/uploads\/2025\/10\/Logo-formation-Sebastien-logo-scaled-2-1-1-2-1.png","width":2560,"height":1331,"caption":"logo Formation SD33"},{"@type":"BreadcrumbList","@id":"https:\/\/formationsd33.fr\/index.php\/pour-qui\/salarie\/#breadcrumb","itemListElement":[{"@type":"ListItem","position":1,"name":"Accueil","item":"https:\/\/formationsd33.fr\/"},{"@type":"ListItem","position":2,"name":"Pour qui?","item":"https:\/\/formationsd33.fr\/index.php\/pour-qui\/"},{"@type":"ListItem","position":3,"name":"Salari\u00e9s"}]},{"@type":"WebSite","@id":"https:\/\/formationsd33.fr\/#website","url":"https:\/\/formationsd33.fr\/","name":"FormationSD33","description":"","publisher":{"@id":"https:\/\/formationsd33.fr\/#organization"},"potentialAction":[{"@type":"SearchAction","target":{"@type":"EntryPoint","urlTemplate":"https:\/\/formationsd33.fr\/?s={search_term_string}"},"query-input":{"@type":"PropertyValueSpecification","valueRequired":true,"valueName":"search_term_string"}}],"inLanguage":"fr-FR"},{"@type":"Organization","@id":"https:\/\/formationsd33.fr\/#organization","name":"FormationSD33","url":"https:\/\/formationsd33.fr\/","logo":{"@type":"ImageObject","inLanguage":"fr-FR","@id":"https:\/\/formationsd33.fr\/#\/schema\/logo\/image\/","url":"https:\/\/formationsd33.fr\/wp-content\/uploads\/2025\/10\/Logo-formation-SD33.png","contentUrl":"https:\/\/formationsd33.fr\/wp-content\/uploads\/2025\/10\/Logo-formation-SD33.png","width":1500,"height":780,"caption":"FormationSD33"},"image":{"@id":"https:\/\/formationsd33.fr\/#\/schema\/logo\/image\/"},"sameAs":["https:\/\/www.instagram.com\/formationsd33\/"]}]}},"_links":{"self":[{"href":"https:\/\/formationsd33.fr\/index.php\/wp-json\/wp\/v2\/pages\/78","targetHints":{"allow":["GET"]}}],"collection":[{"href":"https:\/\/formationsd33.fr\/index.php\/wp-json\/wp\/v2\/pages"}],"about":[{"href":"https:\/\/formationsd33.fr\/index.php\/wp-json\/wp\/v2\/types\/page"}],"author":[{"embeddable":true,"href":"https:\/\/formationsd33.fr\/index.php\/wp-json\/wp\/v2\/users\/1"}],"replies":[{"embeddable":true,"href":"https:\/\/formationsd33.fr\/index.php\/wp-json\/wp\/v2\/comments?post=78"}],"version-history":[{"count":29,"href":"https:\/\/formationsd33.fr\/index.php\/wp-json\/wp\/v2\/pages\/78\/revisions"}],"predecessor-version":[{"id":2337,"href":"https:\/\/formationsd33.fr\/index.php\/wp-json\/wp\/v2\/pages\/78\/revisions\/2337"}],"up":[{"embeddable":true,"href":"https:\/\/formationsd33.fr\/index.php\/wp-json\/wp\/v2\/pages\/75"}],"wp:attachment":[{"href":"https:\/\/formationsd33.fr\/index.php\/wp-json\/wp\/v2\/media?parent=78"}],"curies":[{"name":"wp","href":"https:\/\/api.w.org\/{rel}","templated":true}]}}