{"id":75,"date":"2025-10-04T10:10:02","date_gmt":"2025-10-04T10:10:02","guid":{"rendered":"https:\/\/formationsd33.fr\/?page_id=75"},"modified":"2026-04-05T21:04:01","modified_gmt":"2026-04-05T21:04:01","slug":"pour-qui","status":"publish","type":"page","link":"https:\/\/formationsd33.fr\/index.php\/pour-qui\/","title":{"rendered":"Pour qui?"},"content":{"rendered":"\t\t<div data-elementor-type=\"wp-page\" data-elementor-id=\"75\" class=\"elementor elementor-75\" data-elementor-post-type=\"page\">\n\t\t\t\t<div class=\"elementor-element elementor-element-4aa4841f e-con-full e-flex e-con e-parent\" data-id=\"4aa4841f\" data-element_type=\"container\" data-settings=\"{&quot;background_background&quot;:&quot;classic&quot;}\">\n\t\t<div class=\"elementor-element elementor-element-17b8177f e-con-full e-flex e-con e-child\" data-id=\"17b8177f\" data-element_type=\"container\" data-settings=\"{&quot;background_background&quot;:&quot;classic&quot;}\">\n\t\t\t\t<div class=\"elementor-element elementor-element-564d699c elementor-widget elementor-widget-image\" data-id=\"564d699c\" data-element_type=\"widget\" data-widget_type=\"image.default\">\n\t\t\t\t\t\t\t\t\t\t\t\t\t\t\t<img fetchpriority=\"high\" decoding=\"async\" width=\"800\" height=\"416\" src=\"https:\/\/formationsd33.fr\/wp-content\/uploads\/2025\/10\/Logo-formation-Sebastien-logo-scaled-2-1-1-2-1-1024x532.png\" class=\"attachment-large size-large wp-image-1763\" alt=\"logo Formation SD33\" srcset=\"https:\/\/formationsd33.fr\/wp-content\/uploads\/2025\/10\/Logo-formation-Sebastien-logo-scaled-2-1-1-2-1-1024x532.png 1024w, https:\/\/formationsd33.fr\/wp-content\/uploads\/2025\/10\/Logo-formation-Sebastien-logo-scaled-2-1-1-2-1-300x156.png 300w, https:\/\/formationsd33.fr\/wp-content\/uploads\/2025\/10\/Logo-formation-Sebastien-logo-scaled-2-1-1-2-1-768x399.png 768w, https:\/\/formationsd33.fr\/wp-content\/uploads\/2025\/10\/Logo-formation-Sebastien-logo-scaled-2-1-1-2-1-1536x799.png 1536w, https:\/\/formationsd33.fr\/wp-content\/uploads\/2025\/10\/Logo-formation-Sebastien-logo-scaled-2-1-1-2-1-2048x1065.png 2048w\" sizes=\"(max-width: 800px) 100vw, 800px\" \/>\t\t\t\t\t\t\t\t\t\t\t\t\t\t\t<\/div>\n\t\t\t\t<div class=\"elementor-element elementor-element-7f639ff8 elementor-widget elementor-widget-heading\" data-id=\"7f639ff8\" data-element_type=\"widget\" data-widget_type=\"heading.default\">\n\t\t\t\t\t<h1 class=\"elementor-heading-title elementor-size-default\">Pour <span class=\"word-orange\">qui?<\/span><\/h1>\t\t\t\t<\/div>\n\t\t\t\t<div class=\"elementor-element elementor-element-6e35f1f4 elementor-widget elementor-widget-text-editor\" data-id=\"6e35f1f4\" data-element_type=\"widget\" data-widget_type=\"text-editor.default\">\n\t\t\t\t\t\t\t\t\t<p>Nos formations s\u2019adressent aux salari\u00e9s, demandeurs d\u2019emploi et professionnels du b\u00e2timent souhaitant renforcer leurs comp\u00e9tences ou se reconvertir dans un m\u00e9tier porteur.<\/p>\t\t\t\t\t\t\t\t<\/div>\n\t\t\t\t<div class=\"elementor-element elementor-element-6a57ee23 elementor-align-left elementor-mobile-align-center elementor-widget elementor-widget-button\" data-id=\"6a57ee23\" data-element_type=\"widget\" data-widget_type=\"button.default\">\n\t\t\t\t\t\t\t\t\t\t<a class=\"elementor-button elementor-button-link elementor-size-lg elementor-animation-grow\" href=\"tel:07%2044%2064%2034%2019\">\n\t\t\t\t\t\t<span class=\"elementor-button-content-wrapper\">\n\t\t\t\t\t\t\t\t\t<span class=\"elementor-button-text\">07 44 64 34 19<\/span>\n\t\t\t\t\t<\/span>\n\t\t\t\t\t<\/a>\n\t\t\t\t\t\t\t\t<\/div>\n\t\t\t\t<\/div>\n\t\t<div class=\"elementor-element elementor-element-2ea82945 e-con-full e-flex e-con e-child\" data-id=\"2ea82945\" data-element_type=\"container\" data-settings=\"{&quot;background_background&quot;:&quot;classic&quot;}\">\n\t\t\t\t<\/div>\n\t\t\t\t<\/div>\n\t\t<div class=\"elementor-element elementor-element-67d15fb e-flex e-con-boxed e-con e-parent\" data-id=\"67d15fb\" data-element_type=\"container\" data-settings=\"{&quot;background_background&quot;:&quot;classic&quot;}\">\n\t\t\t\t\t<div class=\"e-con-inner\">\n\t\t<div class=\"elementor-element elementor-element-462295dd e-con-full e-flex e-con e-child\" data-id=\"462295dd\" data-element_type=\"container\">\n\t\t<div class=\"elementor-element elementor-element-7d3f8a4f e-con-full e-flex e-con e-child\" data-id=\"7d3f8a4f\" data-element_type=\"container\">\n\t\t\t\t<div class=\"elementor-element elementor-element-4928b7c animated-slow elementor-invisible elementor-widget elementor-widget-heading\" data-id=\"4928b7c\" data-element_type=\"widget\" data-settings=\"{&quot;_animation&quot;:&quot;slideInUp&quot;}\" data-widget_type=\"heading.default\">\n\t\t\t\t\t<h2 class=\"elementor-heading-title elementor-size-default\">Une p\u00e9dagogie sur mesure pour tous les profils<\/h2>\t\t\t\t<\/div>\n\t\t\t\t<div class=\"elementor-element elementor-element-3a056594 animated-slow elementor-invisible elementor-widget elementor-widget-heading\" data-id=\"3a056594\" data-element_type=\"widget\" data-settings=\"{&quot;_animation&quot;:&quot;slideInUp&quot;}\" data-widget_type=\"heading.default\">\n\t\t\t\t\t<h2 class=\"elementor-heading-title elementor-size-default\">Des formations accessibles<br> \u00e0 tous<\/h2>\t\t\t\t<\/div>\n\t\t\t\t<\/div>\n\t\t<div class=\"elementor-element elementor-element-7bf9eb01 e-con-full e-flex e-con e-child\" data-id=\"7bf9eb01\" data-element_type=\"container\">\n\t\t\t\t<\/div>\n\t\t\t\t<\/div>\n\t\t\t\t\t<\/div>\n\t\t\t\t<\/div>\n\t\t<div class=\"elementor-element elementor-element-74a2b858 e-flex e-con-boxed e-con e-parent\" data-id=\"74a2b858\" data-element_type=\"container\" data-settings=\"{&quot;background_background&quot;:&quot;classic&quot;}\">\n\t\t\t\t\t<div class=\"e-con-inner\">\n\t\t<div class=\"elementor-element elementor-element-18f4c63e e-con-full e-flex e-con e-child\" data-id=\"18f4c63e\" data-element_type=\"container\">\n\t\t\t\t<div class=\"elementor-element elementor-element-1a804559 elementor-cta--skin-cover elementor-cta--valign-bottom elementor-widget__width-inherit elementor-widget-tablet__width-initial elementor-widget-mobile__width-inherit elementor-animated-content elementor-bg-transform elementor-bg-transform-zoom-in elementor-widget elementor-widget-call-to-action\" data-id=\"1a804559\" data-element_type=\"widget\" data-widget_type=\"call-to-action.default\">\n\t\t\t\t\t\t\t<a class=\"elementor-cta\" href=\"https:\/\/formationsd33.fr\/index.php\/pour-qui\/salarie\/\">\n\t\t\t\t\t<div class=\"elementor-cta__bg-wrapper\">\n\t\t\t\t<div class=\"elementor-cta__bg elementor-bg\" style=\"background-image: url(https:\/\/formationsd33.fr\/wp-content\/uploads\/2025\/10\/salarie-1-748x1024.jpg);\" role=\"img\" aria-label=\"salari\u00e9\"><\/div>\n\t\t\t\t<div class=\"elementor-cta__bg-overlay\"><\/div>\n\t\t\t<\/div>\n\t\t\t\t\t\t\t<div class=\"elementor-cta__content\">\n\t\t\t\t\n\t\t\t\t\t\t\t\t\t<h2 class=\"elementor-cta__title elementor-cta__content-item elementor-content-item elementor-animated-item--grow\">\n\t\t\t\t\t\tSalari\u00e9\t\t\t\t\t<\/h2>\n\t\t\t\t\n\t\t\t\t\n\t\t\t\t\t\t\t<\/div>\n\t\t\t\t\t\t<\/a>\n\t\t\t\t\t\t<\/div>\n\t\t\t\t<\/div>\n\t\t<div class=\"elementor-element elementor-element-4c06d1cf e-con-full e-flex e-con e-child\" data-id=\"4c06d1cf\" data-element_type=\"container\">\n\t\t\t\t<div class=\"elementor-element elementor-element-56ec1027 elementor-cta--skin-cover elementor-cta--valign-bottom elementor-widget__width-inherit elementor-widget-tablet__width-initial elementor-widget-mobile__width-inherit elementor-animated-content elementor-bg-transform elementor-bg-transform-zoom-in elementor-widget elementor-widget-call-to-action\" data-id=\"56ec1027\" data-element_type=\"widget\" data-widget_type=\"call-to-action.default\">\n\t\t\t\t\t\t\t<a class=\"elementor-cta\" href=\"https:\/\/formationsd33.fr\/index.php\/pour-qui\/demandeurs-demploi\/\">\n\t\t\t\t\t<div class=\"elementor-cta__bg-wrapper\">\n\t\t\t\t<div class=\"elementor-cta__bg elementor-bg\" style=\"background-image: url(https:\/\/formationsd33.fr\/wp-content\/uploads\/2025\/10\/demandeur-demploi-1-748x1024.jpg);\" role=\"img\" aria-label=\"demandeur d&#039;emploi\"><\/div>\n\t\t\t\t<div class=\"elementor-cta__bg-overlay\"><\/div>\n\t\t\t<\/div>\n\t\t\t\t\t\t\t<div class=\"elementor-cta__content\">\n\t\t\t\t\n\t\t\t\t\t\t\t\t\t<h2 class=\"elementor-cta__title elementor-cta__content-item elementor-content-item elementor-animated-item--grow\">\n\t\t\t\t\t\tDemandeur d'emploi\t\t\t\t\t<\/h2>\n\t\t\t\t\n\t\t\t\t\n\t\t\t\t\t\t\t<\/div>\n\t\t\t\t\t\t<\/a>\n\t\t\t\t\t\t<\/div>\n\t\t\t\t<\/div>\n\t\t<div class=\"elementor-element elementor-element-59a205fd e-con-full e-flex e-con e-child\" data-id=\"59a205fd\" data-element_type=\"container\">\n\t\t\t\t<div class=\"elementor-element elementor-element-c52e1a6 elementor-cta--skin-cover elementor-cta--valign-bottom elementor-widget__width-inherit elementor-widget-tablet__width-initial elementor-widget-mobile__width-inherit elementor-animated-content elementor-bg-transform elementor-bg-transform-zoom-in elementor-widget elementor-widget-call-to-action\" data-id=\"c52e1a6\" data-element_type=\"widget\" data-widget_type=\"call-to-action.default\">\n\t\t\t\t\t\t\t<a class=\"elementor-cta\" href=\"https:\/\/formationsd33.fr\/index.php\/pour-qui\/professionnels-du-batiment\/\">\n\t\t\t\t\t<div class=\"elementor-cta__bg-wrapper\">\n\t\t\t\t<div class=\"elementor-cta__bg elementor-bg\" style=\"background-image: url(https:\/\/formationsd33.fr\/wp-content\/uploads\/2025\/10\/professionnel-du-batiment-1-748x1024.jpg);\" role=\"img\" aria-label=\"professionnel du b\u00e2timent\"><\/div>\n\t\t\t\t<div class=\"elementor-cta__bg-overlay\"><\/div>\n\t\t\t<\/div>\n\t\t\t\t\t\t\t<div class=\"elementor-cta__content\">\n\t\t\t\t\n\t\t\t\t\t\t\t\t\t<h2 class=\"elementor-cta__title elementor-cta__content-item elementor-content-item elementor-animated-item--grow\">\n\t\t\t\t\t\tProfessionnel du b\u00e2timent\t\t\t\t\t<\/h2>\n\t\t\t\t\n\t\t\t\t\n\t\t\t\t\t\t\t<\/div>\n\t\t\t\t\t\t<\/a>\n\t\t\t\t\t\t<\/div>\n\t\t\t\t<\/div>\n\t\t\t\t\t<\/div>\n\t\t\t\t<\/div>\n\t\t\t\t<\/div>\n\t\t","protected":false},"excerpt":{"rendered":"<p>Pour qui? Nos formations s\u2019adressent aux salari\u00e9s, demandeurs d\u2019emploi et professionnels du b\u00e2timent souhaitant renforcer leurs comp\u00e9tences ou se reconvertir dans un m\u00e9tier porteur. 07 44 64 34 19 Une p\u00e9dagogie sur mesure pour tous les profils Des formations accessibles \u00e0 tous Salari\u00e9 Demandeur d&#8217;emploi Professionnel du b\u00e2timent<\/p>\n","protected":false},"author":1,"featured_media":0,"parent":0,"menu_order":0,"comment_status":"closed","ping_status":"closed","template":"","meta":{"footnotes":""},"class_list":["post-75","page","type-page","status-publish","hentry"],"yoast_head":"<!-- This site is optimized with the Yoast SEO plugin v26.7 - https:\/\/yoast.com\/wordpress\/plugins\/seo\/ -->\n<title>Pour quel profil ? | Formation SD33 Bordeaux<\/title>\n<meta name=\"description\" content=\"Nos formations SD33 \u00e0 Bordeaux s\u2019adressent aux salari\u00e9s, demandeurs d\u2019emploi et professionnels du b\u00e2timent souhaitant d\u00e9velopper leurs comp\u00e9tences et se former.\" \/>\n<meta name=\"robots\" content=\"index, follow, max-snippet:-1, max-image-preview:large, max-video-preview:-1\" \/>\n<link rel=\"canonical\" href=\"https:\/\/formationsd33.fr\/index.php\/pour-qui\/\" \/>\n<meta property=\"og:locale\" content=\"fr_FR\" \/>\n<meta property=\"og:type\" content=\"article\" \/>\n<meta property=\"og:title\" content=\"Pour quel profil ? | Formation SD33 Bordeaux\" \/>\n<meta property=\"og:description\" content=\"Nos formations SD33 \u00e0 Bordeaux s\u2019adressent aux salari\u00e9s, demandeurs d\u2019emploi et professionnels du b\u00e2timent souhaitant d\u00e9velopper leurs comp\u00e9tences et se former.\" \/>\n<meta property=\"og:url\" content=\"https:\/\/formationsd33.fr\/index.php\/pour-qui\/\" \/>\n<meta property=\"og:site_name\" content=\"FormationSD33\" \/>\n<meta property=\"article:publisher\" content=\"https:\/\/www.instagram.com\/formationsd33\/\" \/>\n<meta property=\"article:modified_time\" content=\"2026-04-05T21:04:01+00:00\" \/>\n<meta property=\"og:image\" content=\"https:\/\/formationsd33.fr\/wp-content\/uploads\/2025\/10\/Logo-formation-Sebastien-logo-scaled-2-1-1-2-1-1024x532.png\" \/>\n<meta name=\"twitter:card\" content=\"summary_large_image\" \/>\n<meta name=\"twitter:label1\" content=\"Dur\u00e9e de lecture estim\u00e9e\" \/>\n\t<meta name=\"twitter:data1\" content=\"1 minute\" \/>\n<script type=\"application\/ld+json\" class=\"yoast-schema-graph\">{\"@context\":\"https:\/\/schema.org\",\"@graph\":[{\"@type\":\"WebPage\",\"@id\":\"https:\/\/formationsd33.fr\/index.php\/pour-qui\/\",\"url\":\"https:\/\/formationsd33.fr\/index.php\/pour-qui\/\",\"name\":\"Pour quel profil ? | Formation SD33 Bordeaux\",\"isPartOf\":{\"@id\":\"https:\/\/formationsd33.fr\/#website\"},\"primaryImageOfPage\":{\"@id\":\"https:\/\/formationsd33.fr\/index.php\/pour-qui\/#primaryimage\"},\"image\":{\"@id\":\"https:\/\/formationsd33.fr\/index.php\/pour-qui\/#primaryimage\"},\"thumbnailUrl\":\"https:\/\/formationsd33.fr\/wp-content\/uploads\/2025\/10\/Logo-formation-Sebastien-logo-scaled-2-1-1-2-1-1024x532.png\",\"datePublished\":\"2025-10-04T10:10:02+00:00\",\"dateModified\":\"2026-04-05T21:04:01+00:00\",\"description\":\"Nos formations SD33 \u00e0 Bordeaux s\u2019adressent aux salari\u00e9s, demandeurs d\u2019emploi et professionnels du b\u00e2timent souhaitant d\u00e9velopper leurs comp\u00e9tences et se former.\",\"breadcrumb\":{\"@id\":\"https:\/\/formationsd33.fr\/index.php\/pour-qui\/#breadcrumb\"},\"inLanguage\":\"fr-FR\",\"potentialAction\":[{\"@type\":\"ReadAction\",\"target\":[\"https:\/\/formationsd33.fr\/index.php\/pour-qui\/\"]}]},{\"@type\":\"ImageObject\",\"inLanguage\":\"fr-FR\",\"@id\":\"https:\/\/formationsd33.fr\/index.php\/pour-qui\/#primaryimage\",\"url\":\"https:\/\/formationsd33.fr\/wp-content\/uploads\/2025\/10\/Logo-formation-Sebastien-logo-scaled-2-1-1-2-1.png\",\"contentUrl\":\"https:\/\/formationsd33.fr\/wp-content\/uploads\/2025\/10\/Logo-formation-Sebastien-logo-scaled-2-1-1-2-1.png\",\"width\":2560,\"height\":1331,\"caption\":\"logo Formation SD33\"},{\"@type\":\"BreadcrumbList\",\"@id\":\"https:\/\/formationsd33.fr\/index.php\/pour-qui\/#breadcrumb\",\"itemListElement\":[{\"@type\":\"ListItem\",\"position\":1,\"name\":\"Accueil\",\"item\":\"https:\/\/formationsd33.fr\/\"},{\"@type\":\"ListItem\",\"position\":2,\"name\":\"Pour qui?\"}]},{\"@type\":\"WebSite\",\"@id\":\"https:\/\/formationsd33.fr\/#website\",\"url\":\"https:\/\/formationsd33.fr\/\",\"name\":\"FormationSD33\",\"description\":\"\",\"publisher\":{\"@id\":\"https:\/\/formationsd33.fr\/#organization\"},\"potentialAction\":[{\"@type\":\"SearchAction\",\"target\":{\"@type\":\"EntryPoint\",\"urlTemplate\":\"https:\/\/formationsd33.fr\/?s={search_term_string}\"},\"query-input\":{\"@type\":\"PropertyValueSpecification\",\"valueRequired\":true,\"valueName\":\"search_term_string\"}}],\"inLanguage\":\"fr-FR\"},{\"@type\":\"Organization\",\"@id\":\"https:\/\/formationsd33.fr\/#organization\",\"name\":\"FormationSD33\",\"url\":\"https:\/\/formationsd33.fr\/\",\"logo\":{\"@type\":\"ImageObject\",\"inLanguage\":\"fr-FR\",\"@id\":\"https:\/\/formationsd33.fr\/#\/schema\/logo\/image\/\",\"url\":\"https:\/\/formationsd33.fr\/wp-content\/uploads\/2025\/10\/Logo-formation-SD33.png\",\"contentUrl\":\"https:\/\/formationsd33.fr\/wp-content\/uploads\/2025\/10\/Logo-formation-SD33.png\",\"width\":1500,\"height\":780,\"caption\":\"FormationSD33\"},\"image\":{\"@id\":\"https:\/\/formationsd33.fr\/#\/schema\/logo\/image\/\"},\"sameAs\":[\"https:\/\/www.instagram.com\/formationsd33\/\"]}]}<\/script>\n<!-- \/ Yoast SEO plugin. -->","yoast_head_json":{"title":"Pour quel profil ? | Formation SD33 Bordeaux","description":"Nos formations SD33 \u00e0 Bordeaux s\u2019adressent aux salari\u00e9s, demandeurs d\u2019emploi et professionnels du b\u00e2timent souhaitant d\u00e9velopper leurs comp\u00e9tences et se former.","robots":{"index":"index","follow":"follow","max-snippet":"max-snippet:-1","max-image-preview":"max-image-preview:large","max-video-preview":"max-video-preview:-1"},"canonical":"https:\/\/formationsd33.fr\/index.php\/pour-qui\/","og_locale":"fr_FR","og_type":"article","og_title":"Pour quel profil ? | Formation SD33 Bordeaux","og_description":"Nos formations SD33 \u00e0 Bordeaux s\u2019adressent aux salari\u00e9s, demandeurs d\u2019emploi et professionnels du b\u00e2timent souhaitant d\u00e9velopper leurs comp\u00e9tences et se former.","og_url":"https:\/\/formationsd33.fr\/index.php\/pour-qui\/","og_site_name":"FormationSD33","article_publisher":"https:\/\/www.instagram.com\/formationsd33\/","article_modified_time":"2026-04-05T21:04:01+00:00","og_image":[{"url":"https:\/\/formationsd33.fr\/wp-content\/uploads\/2025\/10\/Logo-formation-Sebastien-logo-scaled-2-1-1-2-1-1024x532.png","type":"","width":"","height":""}],"twitter_card":"summary_large_image","twitter_misc":{"Dur\u00e9e de lecture estim\u00e9e":"1 minute"},"schema":{"@context":"https:\/\/schema.org","@graph":[{"@type":"WebPage","@id":"https:\/\/formationsd33.fr\/index.php\/pour-qui\/","url":"https:\/\/formationsd33.fr\/index.php\/pour-qui\/","name":"Pour quel profil ? | Formation SD33 Bordeaux","isPartOf":{"@id":"https:\/\/formationsd33.fr\/#website"},"primaryImageOfPage":{"@id":"https:\/\/formationsd33.fr\/index.php\/pour-qui\/#primaryimage"},"image":{"@id":"https:\/\/formationsd33.fr\/index.php\/pour-qui\/#primaryimage"},"thumbnailUrl":"https:\/\/formationsd33.fr\/wp-content\/uploads\/2025\/10\/Logo-formation-Sebastien-logo-scaled-2-1-1-2-1-1024x532.png","datePublished":"2025-10-04T10:10:02+00:00","dateModified":"2026-04-05T21:04:01+00:00","description":"Nos formations SD33 \u00e0 Bordeaux s\u2019adressent aux salari\u00e9s, demandeurs d\u2019emploi et professionnels du b\u00e2timent souhaitant d\u00e9velopper leurs comp\u00e9tences et se former.","breadcrumb":{"@id":"https:\/\/formationsd33.fr\/index.php\/pour-qui\/#breadcrumb"},"inLanguage":"fr-FR","potentialAction":[{"@type":"ReadAction","target":["https:\/\/formationsd33.fr\/index.php\/pour-qui\/"]}]},{"@type":"ImageObject","inLanguage":"fr-FR","@id":"https:\/\/formationsd33.fr\/index.php\/pour-qui\/#primaryimage","url":"https:\/\/formationsd33.fr\/wp-content\/uploads\/2025\/10\/Logo-formation-Sebastien-logo-scaled-2-1-1-2-1.png","contentUrl":"https:\/\/formationsd33.fr\/wp-content\/uploads\/2025\/10\/Logo-formation-Sebastien-logo-scaled-2-1-1-2-1.png","width":2560,"height":1331,"caption":"logo Formation SD33"},{"@type":"BreadcrumbList","@id":"https:\/\/formationsd33.fr\/index.php\/pour-qui\/#breadcrumb","itemListElement":[{"@type":"ListItem","position":1,"name":"Accueil","item":"https:\/\/formationsd33.fr\/"},{"@type":"ListItem","position":2,"name":"Pour qui?"}]},{"@type":"WebSite","@id":"https:\/\/formationsd33.fr\/#website","url":"https:\/\/formationsd33.fr\/","name":"FormationSD33","description":"","publisher":{"@id":"https:\/\/formationsd33.fr\/#organization"},"potentialAction":[{"@type":"SearchAction","target":{"@type":"EntryPoint","urlTemplate":"https:\/\/formationsd33.fr\/?s={search_term_string}"},"query-input":{"@type":"PropertyValueSpecification","valueRequired":true,"valueName":"search_term_string"}}],"inLanguage":"fr-FR"},{"@type":"Organization","@id":"https:\/\/formationsd33.fr\/#organization","name":"FormationSD33","url":"https:\/\/formationsd33.fr\/","logo":{"@type":"ImageObject","inLanguage":"fr-FR","@id":"https:\/\/formationsd33.fr\/#\/schema\/logo\/image\/","url":"https:\/\/formationsd33.fr\/wp-content\/uploads\/2025\/10\/Logo-formation-SD33.png","contentUrl":"https:\/\/formationsd33.fr\/wp-content\/uploads\/2025\/10\/Logo-formation-SD33.png","width":1500,"height":780,"caption":"FormationSD33"},"image":{"@id":"https:\/\/formationsd33.fr\/#\/schema\/logo\/image\/"},"sameAs":["https:\/\/www.instagram.com\/formationsd33\/"]}]}},"_links":{"self":[{"href":"https:\/\/formationsd33.fr\/index.php\/wp-json\/wp\/v2\/pages\/75","targetHints":{"allow":["GET"]}}],"collection":[{"href":"https:\/\/formationsd33.fr\/index.php\/wp-json\/wp\/v2\/pages"}],"about":[{"href":"https:\/\/formationsd33.fr\/index.php\/wp-json\/wp\/v2\/types\/page"}],"author":[{"embeddable":true,"href":"https:\/\/formationsd33.fr\/index.php\/wp-json\/wp\/v2\/users\/1"}],"replies":[{"embeddable":true,"href":"https:\/\/formationsd33.fr\/index.php\/wp-json\/wp\/v2\/comments?post=75"}],"version-history":[{"count":52,"href":"https:\/\/formationsd33.fr\/index.php\/wp-json\/wp\/v2\/pages\/75\/revisions"}],"predecessor-version":[{"id":2583,"href":"https:\/\/formationsd33.fr\/index.php\/wp-json\/wp\/v2\/pages\/75\/revisions\/2583"}],"wp:attachment":[{"href":"https:\/\/formationsd33.fr\/index.php\/wp-json\/wp\/v2\/media?parent=75"}],"curies":[{"name":"wp","href":"https:\/\/api.w.org\/{rel}","templated":true}]}}