{"id":100,"date":"2025-10-04T10:17:06","date_gmt":"2025-10-04T10:17:06","guid":{"rendered":"https:\/\/formationsd33.fr\/?page_id=100"},"modified":"2026-04-05T20:58:31","modified_gmt":"2026-04-05T20:58:31","slug":"securite","status":"publish","type":"page","link":"https:\/\/formationsd33.fr\/index.php\/formations\/securite\/","title":{"rendered":"R\u00e8glementaire"},"content":{"rendered":"\t\t<div data-elementor-type=\"wp-page\" data-elementor-id=\"100\" class=\"elementor elementor-100\" data-elementor-post-type=\"page\">\n\t\t\t\t<div class=\"elementor-element elementor-element-3751897e e-con-full e-flex e-con e-parent\" data-id=\"3751897e\" data-element_type=\"container\" data-settings=\"{&quot;background_background&quot;:&quot;classic&quot;}\">\n\t\t<div class=\"elementor-element elementor-element-78ad5f24 e-con-full e-flex e-con e-child\" data-id=\"78ad5f24\" data-element_type=\"container\" data-settings=\"{&quot;background_background&quot;:&quot;classic&quot;}\">\n\t\t\t\t<div class=\"elementor-element elementor-element-7c55eda5 elementor-widget elementor-widget-image\" data-id=\"7c55eda5\" data-element_type=\"widget\" data-widget_type=\"image.default\">\n\t\t\t\t\t\t\t\t\t\t\t\t\t\t\t<img fetchpriority=\"high\" decoding=\"async\" width=\"800\" height=\"416\" src=\"https:\/\/formationsd33.fr\/wp-content\/uploads\/2025\/10\/Logo-formation-Sebastien-logo-scaled-2-1-1-2-1-1024x532.png\" class=\"attachment-large size-large wp-image-1763\" alt=\"logo Formation SD33\" srcset=\"https:\/\/formationsd33.fr\/wp-content\/uploads\/2025\/10\/Logo-formation-Sebastien-logo-scaled-2-1-1-2-1-1024x532.png 1024w, https:\/\/formationsd33.fr\/wp-content\/uploads\/2025\/10\/Logo-formation-Sebastien-logo-scaled-2-1-1-2-1-300x156.png 300w, https:\/\/formationsd33.fr\/wp-content\/uploads\/2025\/10\/Logo-formation-Sebastien-logo-scaled-2-1-1-2-1-768x399.png 768w, https:\/\/formationsd33.fr\/wp-content\/uploads\/2025\/10\/Logo-formation-Sebastien-logo-scaled-2-1-1-2-1-1536x799.png 1536w, https:\/\/formationsd33.fr\/wp-content\/uploads\/2025\/10\/Logo-formation-Sebastien-logo-scaled-2-1-1-2-1-2048x1065.png 2048w\" sizes=\"(max-width: 800px) 100vw, 800px\" \/>\t\t\t\t\t\t\t\t\t\t\t\t\t\t\t<\/div>\n\t\t\t\t<div class=\"elementor-element elementor-element-15420b6e elementor-widget elementor-widget-heading\" data-id=\"15420b6e\" data-element_type=\"widget\" data-widget_type=\"heading.default\">\n\t\t\t\t\t<h1 class=\"elementor-heading-title elementor-size-default\">Formation <span class=\"word-orange\">s\u00e9curit\u00e9<\/span><\/h1>\t\t\t\t<\/div>\n\t\t\t\t<div class=\"elementor-element elementor-element-6b19a8f4 elementor-widget elementor-widget-text-editor\" data-id=\"6b19a8f4\" data-element_type=\"widget\" data-widget_type=\"text-editor.default\">\n\t\t\t\t\t\t\t\t\t<p>Formez-vous aux r\u00e8gles essentielles de s\u00e9curit\u00e9 sur chantier : gestes de pr\u00e9vention, utilisation du mat\u00e9riel, travail en hauteur et premiers secours en situation r\u00e9elle.<\/p>\t\t\t\t\t\t\t\t<\/div>\n\t\t\t\t<div class=\"elementor-element elementor-element-699a6663 elementor-align-left elementor-mobile-align-center elementor-widget elementor-widget-button\" data-id=\"699a6663\" data-element_type=\"widget\" data-widget_type=\"button.default\">\n\t\t\t\t\t\t\t\t\t\t<a class=\"elementor-button elementor-button-link elementor-size-lg elementor-animation-grow\" href=\"tel:07%2044%2064%2034%2019\">\n\t\t\t\t\t\t<span class=\"elementor-button-content-wrapper\">\n\t\t\t\t\t\t\t\t\t<span class=\"elementor-button-text\">07 44 64 34 19<\/span>\n\t\t\t\t\t<\/span>\n\t\t\t\t\t<\/a>\n\t\t\t\t\t\t\t\t<\/div>\n\t\t\t\t<\/div>\n\t\t<div class=\"elementor-element elementor-element-e62082c e-con-full e-flex e-con e-child\" data-id=\"e62082c\" data-element_type=\"container\" data-settings=\"{&quot;background_background&quot;:&quot;classic&quot;}\">\n\t\t\t\t<\/div>\n\t\t\t\t<\/div>\n\t\t<div class=\"elementor-element elementor-element-73cf6f54 e-con-full e-flex e-con e-parent\" data-id=\"73cf6f54\" data-element_type=\"container\" data-settings=\"{&quot;background_background&quot;:&quot;classic&quot;}\">\n\t\t<div class=\"elementor-element elementor-element-335c1913 e-con-full e-flex e-con e-child\" data-id=\"335c1913\" data-element_type=\"container\">\n\t\t\t\t<div class=\"elementor-element elementor-element-35371c9 animated-slow elementor-invisible elementor-widget elementor-widget-heading\" data-id=\"35371c9\" data-element_type=\"widget\" data-settings=\"{&quot;_animation&quot;:&quot;slideInUp&quot;}\" data-widget_type=\"heading.default\">\n\t\t\t\t\t<h2 class=\"elementor-heading-title elementor-size-default\">D\u00e9couvrez nos parcours pratiques et professionnalisants :<\/h2>\t\t\t\t<\/div>\n\t\t\t\t<div class=\"elementor-element elementor-element-7e6645b5 animated-slow elementor-invisible elementor-widget elementor-widget-heading\" data-id=\"7e6645b5\" data-element_type=\"widget\" data-settings=\"{&quot;_animation&quot;:&quot;slideInUp&quot;}\" data-widget_type=\"heading.default\">\n\t\t\t\t\t<h2 class=\"elementor-heading-title elementor-size-default\">Nos formations s\u00e9curit\u00e9s<\/h2>\t\t\t\t<\/div>\n\t\t\t\t<\/div>\n\t\t\t\t<\/div>\n\t\t<div class=\"elementor-element elementor-element-3007f2d2 e-flex e-con-boxed e-con e-parent\" data-id=\"3007f2d2\" data-element_type=\"container\">\n\t\t\t\t\t<div class=\"e-con-inner\">\n\t\t<div class=\"elementor-element elementor-element-7e0c46bb e-con-full e-flex e-con e-child\" data-id=\"7e0c46bb\" data-element_type=\"container\">\n\t\t\t\t<div class=\"elementor-element elementor-element-14b2bd38 elementor-widget elementor-widget-image\" data-id=\"14b2bd38\" data-element_type=\"widget\" data-widget_type=\"image.default\">\n\t\t\t\t\t\t\t\t\t\t\t\t\t\t\t<img decoding=\"async\" width=\"800\" height=\"533\" src=\"https:\/\/formationsd33.fr\/wp-content\/uploads\/2025\/10\/formation-sst-1-1-1-1024x682.jpg\" class=\"attachment-large size-large wp-image-1346\" alt=\"formation SST\" srcset=\"https:\/\/formationsd33.fr\/wp-content\/uploads\/2025\/10\/formation-sst-1-1-1-1024x682.jpg 1024w, https:\/\/formationsd33.fr\/wp-content\/uploads\/2025\/10\/formation-sst-1-1-1-300x200.jpg 300w, https:\/\/formationsd33.fr\/wp-content\/uploads\/2025\/10\/formation-sst-1-1-1-768x512.jpg 768w, https:\/\/formationsd33.fr\/wp-content\/uploads\/2025\/10\/formation-sst-1-1-1-1536x1024.jpg 1536w, https:\/\/formationsd33.fr\/wp-content\/uploads\/2025\/10\/formation-sst-1-1-1.jpg 2000w\" sizes=\"(max-width: 800px) 100vw, 800px\" \/>\t\t\t\t\t\t\t\t\t\t\t\t\t\t\t<\/div>\n\t\t\t\t<div class=\"elementor-element elementor-element-2e772bd1 elementor-widget__width-initial animated-slow elementor-invisible elementor-widget elementor-widget-spacer\" data-id=\"2e772bd1\" data-element_type=\"widget\" data-settings=\"{&quot;_animation&quot;:&quot;rotateInDownLeft&quot;}\" data-widget_type=\"spacer.default\">\n\t\t\t\t\t\t\t<div class=\"elementor-spacer\">\n\t\t\t<div class=\"elementor-spacer-inner\"><\/div>\n\t\t<\/div>\n\t\t\t\t\t\t<\/div>\n\t\t\t\t<div class=\"elementor-element elementor-element-1f154138 elementor-cta--layout-image-left elementor-cta--skin-classic elementor-animated-content elementor-bg-transform elementor-bg-transform-zoom-in elementor-widget elementor-widget-call-to-action\" data-id=\"1f154138\" data-element_type=\"widget\" data-widget_type=\"call-to-action.default\">\n\t\t\t\t\t\t\t<a class=\"elementor-cta\" href=\"https:\/\/formationsd33.fr\/index.php\/formations\/menuisier\/\">\n\t\t\t\t\t\t\t<div class=\"elementor-cta__content\">\n\t\t\t\t\n\t\t\t\t\t\t\t\t\t<h2 class=\"elementor-cta__title elementor-cta__content-item elementor-content-item\">\n\t\t\t\t\t\tSST\t\t\t\t\t<\/h2>\n\t\t\t\t\n\t\t\t\t\t\t\t\t\t<div class=\"elementor-cta__description elementor-cta__content-item elementor-content-item\">\n\t\t\t\t\t\tFormez-vous aux gestes qui sauvent et apprenez \u00e0 r\u00e9agir efficacement face aux situations d\u2019urgence pour assurer la s\u00e9curit\u00e9 sur votre lieu de travail.\t\t\t\t\t<\/div>\n\t\t\t\t\n\t\t\t\t\t\t\t\t\t<div class=\"elementor-cta__button-wrapper elementor-cta__content-item elementor-content-item \">\n\t\t\t\t\t<span class=\"elementor-cta__button elementor-button elementor-size-\">\n\t\t\t\t\t\tEn savoir plus &gt;\t\t\t\t\t<\/span>\n\t\t\t\t\t<\/div>\n\t\t\t\t\t\t\t<\/div>\n\t\t\t\t\t\t<\/a>\n\t\t\t\t\t\t<\/div>\n\t\t\t\t<\/div>\n\t\t<div class=\"elementor-element elementor-element-3cd52f78 e-con-full e-flex e-con e-child\" data-id=\"3cd52f78\" data-element_type=\"container\">\n\t\t\t\t<div class=\"elementor-element elementor-element-8f03e36 elementor-widget elementor-widget-image\" data-id=\"8f03e36\" data-element_type=\"widget\" data-widget_type=\"image.default\">\n\t\t\t\t\t\t\t\t\t\t\t\t\t\t\t<img decoding=\"async\" width=\"800\" height=\"533\" src=\"https:\/\/formationsd33.fr\/wp-content\/uploads\/2025\/10\/formation-en-hauteur-1024x682.jpg\" class=\"attachment-large size-large wp-image-2034\" alt=\"formation travail en hauteur\" srcset=\"https:\/\/formationsd33.fr\/wp-content\/uploads\/2025\/10\/formation-en-hauteur-1024x682.jpg 1024w, https:\/\/formationsd33.fr\/wp-content\/uploads\/2025\/10\/formation-en-hauteur-300x200.jpg 300w, https:\/\/formationsd33.fr\/wp-content\/uploads\/2025\/10\/formation-en-hauteur-768x512.jpg 768w, https:\/\/formationsd33.fr\/wp-content\/uploads\/2025\/10\/formation-en-hauteur-1536x1024.jpg 1536w, https:\/\/formationsd33.fr\/wp-content\/uploads\/2025\/10\/formation-en-hauteur.jpg 2000w\" sizes=\"(max-width: 800px) 100vw, 800px\" \/>\t\t\t\t\t\t\t\t\t\t\t\t\t\t\t<\/div>\n\t\t\t\t<div class=\"elementor-element elementor-element-448a6388 elementor-widget__width-initial animated-slow elementor-invisible elementor-widget elementor-widget-spacer\" data-id=\"448a6388\" data-element_type=\"widget\" data-settings=\"{&quot;_animation&quot;:&quot;rotateInDownLeft&quot;,&quot;_animation_delay&quot;:1000}\" data-widget_type=\"spacer.default\">\n\t\t\t\t\t\t\t<div class=\"elementor-spacer\">\n\t\t\t<div class=\"elementor-spacer-inner\"><\/div>\n\t\t<\/div>\n\t\t\t\t\t\t<\/div>\n\t\t\t\t<div class=\"elementor-element elementor-element-3dc8d0a3 elementor-cta--layout-image-left elementor-cta--skin-classic elementor-animated-content elementor-bg-transform elementor-bg-transform-zoom-in elementor-widget elementor-widget-call-to-action\" data-id=\"3dc8d0a3\" data-element_type=\"widget\" data-widget_type=\"call-to-action.default\">\n\t\t\t\t\t\t\t<a class=\"elementor-cta\" href=\"https:\/\/formationsd33.fr\/index.php\/formations\/electricien\/\">\n\t\t\t\t\t\t\t<div class=\"elementor-cta__content\">\n\t\t\t\t\n\t\t\t\t\t\t\t\t\t<h2 class=\"elementor-cta__title elementor-cta__content-item elementor-content-item\">\n\t\t\t\t\t\tTravail en hauteur\t\t\t\t\t<\/h2>\n\t\t\t\t\n\t\t\t\t\t\t\t\t\t<div class=\"elementor-cta__description elementor-cta__content-item elementor-content-item\">\n\t\t\t\t\t\tFormez-vous aux bonnes pratiques du travail en hauteur et ma\u00eetrisez les r\u00e8gles de s\u00e9curit\u00e9, l\u2019utilisation du mat\u00e9riel et la pr\u00e9vention des risques de chute.\t\t\t\t\t<\/div>\n\t\t\t\t\n\t\t\t\t\t\t\t\t\t<div class=\"elementor-cta__button-wrapper elementor-cta__content-item elementor-content-item \">\n\t\t\t\t\t<span class=\"elementor-cta__button elementor-button elementor-size-\">\n\t\t\t\t\t\tEn savoir plus &gt;\t\t\t\t\t<\/span>\n\t\t\t\t\t<\/div>\n\t\t\t\t\t\t\t<\/div>\n\t\t\t\t\t\t<\/a>\n\t\t\t\t\t\t<\/div>\n\t\t\t\t<\/div>\n\t\t\t\t\t<\/div>\n\t\t\t\t<\/div>\n\t\t\t\t<\/div>\n\t\t","protected":false},"excerpt":{"rendered":"<p>Formation s\u00e9curit\u00e9 Formez-vous aux r\u00e8gles essentielles de s\u00e9curit\u00e9 sur chantier : gestes de pr\u00e9vention, utilisation du mat\u00e9riel, travail en hauteur et premiers secours en situation r\u00e9elle. 07 44 64 34 19 D\u00e9couvrez nos parcours pratiques et professionnalisants : Nos formations s\u00e9curit\u00e9s SST Formez-vous aux gestes qui sauvent et apprenez \u00e0 r\u00e9agir efficacement face aux situations [&hellip;]<\/p>\n","protected":false},"author":1,"featured_media":0,"parent":14,"menu_order":6,"comment_status":"closed","ping_status":"closed","template":"","meta":{"footnotes":""},"class_list":["post-100","page","type-page","status-publish","hentry"],"yoast_head":"<!-- This site is optimized with the Yoast SEO plugin v26.7 - https:\/\/yoast.com\/wordpress\/plugins\/seo\/ -->\n<title>Formation S\u00e9curit\u00e9 SST | Formation SD33 Bordeaux<\/title>\n<meta name=\"description\" content=\"Formation SD33 \u00e0 Bordeaux vous forme aux gestes qui sauvent et aux r\u00e8gles de s\u00e9curit\u00e9 sur chantier pour pr\u00e9venir les accidents et prot\u00e9ger tous les salari\u00e9s.\" \/>\n<meta name=\"robots\" content=\"index, follow, max-snippet:-1, max-image-preview:large, max-video-preview:-1\" \/>\n<link rel=\"canonical\" href=\"https:\/\/formationsd33.fr\/index.php\/formations\/securite\/\" \/>\n<meta property=\"og:locale\" content=\"fr_FR\" \/>\n<meta property=\"og:type\" content=\"article\" \/>\n<meta property=\"og:title\" content=\"Formation S\u00e9curit\u00e9 SST | Formation SD33 Bordeaux\" \/>\n<meta property=\"og:description\" content=\"Formation SD33 \u00e0 Bordeaux vous forme aux gestes qui sauvent et aux r\u00e8gles de s\u00e9curit\u00e9 sur chantier pour pr\u00e9venir les accidents et prot\u00e9ger tous les salari\u00e9s.\" \/>\n<meta property=\"og:url\" content=\"https:\/\/formationsd33.fr\/index.php\/formations\/securite\/\" \/>\n<meta property=\"og:site_name\" content=\"FormationSD33\" \/>\n<meta property=\"article:publisher\" content=\"https:\/\/www.instagram.com\/formationsd33\/\" \/>\n<meta property=\"article:modified_time\" content=\"2026-04-05T20:58:31+00:00\" \/>\n<meta property=\"og:image\" content=\"https:\/\/formationsd33.fr\/wp-content\/uploads\/2025\/10\/Logo-formation-Sebastien-logo-scaled-2-1-1-2-1-1024x532.png\" \/>\n<meta name=\"twitter:card\" content=\"summary_large_image\" \/>\n<meta name=\"twitter:label1\" content=\"Dur\u00e9e de lecture estim\u00e9e\" \/>\n\t<meta name=\"twitter:data1\" content=\"2 minutes\" \/>\n<script type=\"application\/ld+json\" class=\"yoast-schema-graph\">{\"@context\":\"https:\/\/schema.org\",\"@graph\":[{\"@type\":\"WebPage\",\"@id\":\"https:\/\/formationsd33.fr\/index.php\/formations\/securite\/\",\"url\":\"https:\/\/formationsd33.fr\/index.php\/formations\/securite\/\",\"name\":\"Formation S\u00e9curit\u00e9 SST | Formation SD33 Bordeaux\",\"isPartOf\":{\"@id\":\"https:\/\/formationsd33.fr\/#website\"},\"primaryImageOfPage\":{\"@id\":\"https:\/\/formationsd33.fr\/index.php\/formations\/securite\/#primaryimage\"},\"image\":{\"@id\":\"https:\/\/formationsd33.fr\/index.php\/formations\/securite\/#primaryimage\"},\"thumbnailUrl\":\"https:\/\/formationsd33.fr\/wp-content\/uploads\/2025\/10\/Logo-formation-Sebastien-logo-scaled-2-1-1-2-1-1024x532.png\",\"datePublished\":\"2025-10-04T10:17:06+00:00\",\"dateModified\":\"2026-04-05T20:58:31+00:00\",\"description\":\"Formation SD33 \u00e0 Bordeaux vous forme aux gestes qui sauvent et aux r\u00e8gles de s\u00e9curit\u00e9 sur chantier pour pr\u00e9venir les accidents et prot\u00e9ger tous les salari\u00e9s.\",\"breadcrumb\":{\"@id\":\"https:\/\/formationsd33.fr\/index.php\/formations\/securite\/#breadcrumb\"},\"inLanguage\":\"fr-FR\",\"potentialAction\":[{\"@type\":\"ReadAction\",\"target\":[\"https:\/\/formationsd33.fr\/index.php\/formations\/securite\/\"]}]},{\"@type\":\"ImageObject\",\"inLanguage\":\"fr-FR\",\"@id\":\"https:\/\/formationsd33.fr\/index.php\/formations\/securite\/#primaryimage\",\"url\":\"https:\/\/formationsd33.fr\/wp-content\/uploads\/2025\/10\/Logo-formation-Sebastien-logo-scaled-2-1-1-2-1.png\",\"contentUrl\":\"https:\/\/formationsd33.fr\/wp-content\/uploads\/2025\/10\/Logo-formation-Sebastien-logo-scaled-2-1-1-2-1.png\",\"width\":2560,\"height\":1331,\"caption\":\"logo Formation SD33\"},{\"@type\":\"BreadcrumbList\",\"@id\":\"https:\/\/formationsd33.fr\/index.php\/formations\/securite\/#breadcrumb\",\"itemListElement\":[{\"@type\":\"ListItem\",\"position\":1,\"name\":\"Accueil\",\"item\":\"https:\/\/formationsd33.fr\/\"},{\"@type\":\"ListItem\",\"position\":2,\"name\":\"Formations\",\"item\":\"https:\/\/formationsd33.fr\/index.php\/formations\/\"},{\"@type\":\"ListItem\",\"position\":3,\"name\":\"R\u00e8glementaire\"}]},{\"@type\":\"WebSite\",\"@id\":\"https:\/\/formationsd33.fr\/#website\",\"url\":\"https:\/\/formationsd33.fr\/\",\"name\":\"FormationSD33\",\"description\":\"\",\"publisher\":{\"@id\":\"https:\/\/formationsd33.fr\/#organization\"},\"potentialAction\":[{\"@type\":\"SearchAction\",\"target\":{\"@type\":\"EntryPoint\",\"urlTemplate\":\"https:\/\/formationsd33.fr\/?s={search_term_string}\"},\"query-input\":{\"@type\":\"PropertyValueSpecification\",\"valueRequired\":true,\"valueName\":\"search_term_string\"}}],\"inLanguage\":\"fr-FR\"},{\"@type\":\"Organization\",\"@id\":\"https:\/\/formationsd33.fr\/#organization\",\"name\":\"FormationSD33\",\"url\":\"https:\/\/formationsd33.fr\/\",\"logo\":{\"@type\":\"ImageObject\",\"inLanguage\":\"fr-FR\",\"@id\":\"https:\/\/formationsd33.fr\/#\/schema\/logo\/image\/\",\"url\":\"https:\/\/formationsd33.fr\/wp-content\/uploads\/2025\/10\/Logo-formation-SD33.png\",\"contentUrl\":\"https:\/\/formationsd33.fr\/wp-content\/uploads\/2025\/10\/Logo-formation-SD33.png\",\"width\":1500,\"height\":780,\"caption\":\"FormationSD33\"},\"image\":{\"@id\":\"https:\/\/formationsd33.fr\/#\/schema\/logo\/image\/\"},\"sameAs\":[\"https:\/\/www.instagram.com\/formationsd33\/\"]}]}<\/script>\n<!-- \/ Yoast SEO plugin. -->","yoast_head_json":{"title":"Formation S\u00e9curit\u00e9 SST | Formation SD33 Bordeaux","description":"Formation SD33 \u00e0 Bordeaux vous forme aux gestes qui sauvent et aux r\u00e8gles de s\u00e9curit\u00e9 sur chantier pour pr\u00e9venir les accidents et prot\u00e9ger tous les salari\u00e9s.","robots":{"index":"index","follow":"follow","max-snippet":"max-snippet:-1","max-image-preview":"max-image-preview:large","max-video-preview":"max-video-preview:-1"},"canonical":"https:\/\/formationsd33.fr\/index.php\/formations\/securite\/","og_locale":"fr_FR","og_type":"article","og_title":"Formation S\u00e9curit\u00e9 SST | Formation SD33 Bordeaux","og_description":"Formation SD33 \u00e0 Bordeaux vous forme aux gestes qui sauvent et aux r\u00e8gles de s\u00e9curit\u00e9 sur chantier pour pr\u00e9venir les accidents et prot\u00e9ger tous les salari\u00e9s.","og_url":"https:\/\/formationsd33.fr\/index.php\/formations\/securite\/","og_site_name":"FormationSD33","article_publisher":"https:\/\/www.instagram.com\/formationsd33\/","article_modified_time":"2026-04-05T20:58:31+00:00","og_image":[{"url":"https:\/\/formationsd33.fr\/wp-content\/uploads\/2025\/10\/Logo-formation-Sebastien-logo-scaled-2-1-1-2-1-1024x532.png","type":"","width":"","height":""}],"twitter_card":"summary_large_image","twitter_misc":{"Dur\u00e9e de lecture estim\u00e9e":"2 minutes"},"schema":{"@context":"https:\/\/schema.org","@graph":[{"@type":"WebPage","@id":"https:\/\/formationsd33.fr\/index.php\/formations\/securite\/","url":"https:\/\/formationsd33.fr\/index.php\/formations\/securite\/","name":"Formation S\u00e9curit\u00e9 SST | Formation SD33 Bordeaux","isPartOf":{"@id":"https:\/\/formationsd33.fr\/#website"},"primaryImageOfPage":{"@id":"https:\/\/formationsd33.fr\/index.php\/formations\/securite\/#primaryimage"},"image":{"@id":"https:\/\/formationsd33.fr\/index.php\/formations\/securite\/#primaryimage"},"thumbnailUrl":"https:\/\/formationsd33.fr\/wp-content\/uploads\/2025\/10\/Logo-formation-Sebastien-logo-scaled-2-1-1-2-1-1024x532.png","datePublished":"2025-10-04T10:17:06+00:00","dateModified":"2026-04-05T20:58:31+00:00","description":"Formation SD33 \u00e0 Bordeaux vous forme aux gestes qui sauvent et aux r\u00e8gles de s\u00e9curit\u00e9 sur chantier pour pr\u00e9venir les accidents et prot\u00e9ger tous les salari\u00e9s.","breadcrumb":{"@id":"https:\/\/formationsd33.fr\/index.php\/formations\/securite\/#breadcrumb"},"inLanguage":"fr-FR","potentialAction":[{"@type":"ReadAction","target":["https:\/\/formationsd33.fr\/index.php\/formations\/securite\/"]}]},{"@type":"ImageObject","inLanguage":"fr-FR","@id":"https:\/\/formationsd33.fr\/index.php\/formations\/securite\/#primaryimage","url":"https:\/\/formationsd33.fr\/wp-content\/uploads\/2025\/10\/Logo-formation-Sebastien-logo-scaled-2-1-1-2-1.png","contentUrl":"https:\/\/formationsd33.fr\/wp-content\/uploads\/2025\/10\/Logo-formation-Sebastien-logo-scaled-2-1-1-2-1.png","width":2560,"height":1331,"caption":"logo Formation SD33"},{"@type":"BreadcrumbList","@id":"https:\/\/formationsd33.fr\/index.php\/formations\/securite\/#breadcrumb","itemListElement":[{"@type":"ListItem","position":1,"name":"Accueil","item":"https:\/\/formationsd33.fr\/"},{"@type":"ListItem","position":2,"name":"Formations","item":"https:\/\/formationsd33.fr\/index.php\/formations\/"},{"@type":"ListItem","position":3,"name":"R\u00e8glementaire"}]},{"@type":"WebSite","@id":"https:\/\/formationsd33.fr\/#website","url":"https:\/\/formationsd33.fr\/","name":"FormationSD33","description":"","publisher":{"@id":"https:\/\/formationsd33.fr\/#organization"},"potentialAction":[{"@type":"SearchAction","target":{"@type":"EntryPoint","urlTemplate":"https:\/\/formationsd33.fr\/?s={search_term_string}"},"query-input":{"@type":"PropertyValueSpecification","valueRequired":true,"valueName":"search_term_string"}}],"inLanguage":"fr-FR"},{"@type":"Organization","@id":"https:\/\/formationsd33.fr\/#organization","name":"FormationSD33","url":"https:\/\/formationsd33.fr\/","logo":{"@type":"ImageObject","inLanguage":"fr-FR","@id":"https:\/\/formationsd33.fr\/#\/schema\/logo\/image\/","url":"https:\/\/formationsd33.fr\/wp-content\/uploads\/2025\/10\/Logo-formation-SD33.png","contentUrl":"https:\/\/formationsd33.fr\/wp-content\/uploads\/2025\/10\/Logo-formation-SD33.png","width":1500,"height":780,"caption":"FormationSD33"},"image":{"@id":"https:\/\/formationsd33.fr\/#\/schema\/logo\/image\/"},"sameAs":["https:\/\/www.instagram.com\/formationsd33\/"]}]}},"_links":{"self":[{"href":"https:\/\/formationsd33.fr\/index.php\/wp-json\/wp\/v2\/pages\/100","targetHints":{"allow":["GET"]}}],"collection":[{"href":"https:\/\/formationsd33.fr\/index.php\/wp-json\/wp\/v2\/pages"}],"about":[{"href":"https:\/\/formationsd33.fr\/index.php\/wp-json\/wp\/v2\/types\/page"}],"author":[{"embeddable":true,"href":"https:\/\/formationsd33.fr\/index.php\/wp-json\/wp\/v2\/users\/1"}],"replies":[{"embeddable":true,"href":"https:\/\/formationsd33.fr\/index.php\/wp-json\/wp\/v2\/comments?post=100"}],"version-history":[{"count":20,"href":"https:\/\/formationsd33.fr\/index.php\/wp-json\/wp\/v2\/pages\/100\/revisions"}],"predecessor-version":[{"id":2388,"href":"https:\/\/formationsd33.fr\/index.php\/wp-json\/wp\/v2\/pages\/100\/revisions\/2388"}],"up":[{"embeddable":true,"href":"https:\/\/formationsd33.fr\/index.php\/wp-json\/wp\/v2\/pages\/14"}],"wp:attachment":[{"href":"https:\/\/formationsd33.fr\/index.php\/wp-json\/wp\/v2\/media?parent=100"}],"curies":[{"name":"wp","href":"https:\/\/api.w.org\/{rel}","templated":true}]}}